{"id":26431,"date":"2023-02-16T20:57:56","date_gmt":"2023-02-16T20:57:56","guid":{"rendered":"https:\/\/floridabureauofunclaimedfunds.com\/?page_id=26431"},"modified":"2023-07-17T14:51:47","modified_gmt":"2023-07-17T14:51:47","slug":"privacy-policy","status":"publish","type":"page","link":"https:\/\/floridabureauofunclaimedfunds.com\/es\/privacy-policy\/","title":{"rendered":"Pol\u00edtica de Privacidad."},"content":{"rendered":"<div data-elementor-type=\"wp-page\" data-elementor-id=\"26431\" class=\"elementor elementor-26431\">\n\t\t\t\t\t\t<section class=\"elementor-section elementor-top-section elementor-element elementor-element-b4e6ead elementor-section-full_width elementor-section-height-default elementor-section-height-default sc_fly_static\" data-id=\"b4e6ead\" data-element_type=\"section\" data-e-type=\"section\">\n\t\t\t\t\t\t<div class=\"elementor-container elementor-column-gap-extended\">\n\t\t\t\t\t<div class=\"elementor-column elementor-col-100 elementor-top-column elementor-element elementor-element-db52e17 sc_inner_width_none sc_content_align_inherit sc_layouts_column_icons_position_left sc_fly_static\" data-id=\"db52e17\" data-element_type=\"column\" data-e-type=\"column\">\n\t\t\t<div class=\"elementor-widget-wrap elementor-element-populated\">\n\t\t\t\t\t\t<div class=\"elementor-element elementor-element-db767d6 sc_fly_static elementor-widget elementor-widget-trx_sc_layouts_title\" data-id=\"db767d6\" data-element_type=\"widget\" data-e-type=\"widget\" data-widget_type=\"trx_sc_layouts_title.default\">\n\t\t\t\t<div class=\"elementor-widget-container\">\n\t\t\t\t\t<div class=\"sc_layouts_title sc_align_center  trx_addons_inline_521607299 trx_addons_inline_1473577585 with_content fixed_height with_image with_tint\" ><div class=\"sc_layouts_title_content\"><div class=\"sc_layouts_title_title\"><h1 class=\"sc_layouts_title_caption\">Pol\u00edtica de Privacidad.<\/h1><\/div><div class=\"sc_layouts_title_breadcrumbs\"><div class=\"breadcrumbs\"><a class=\"breadcrumbs_item home\" href=\"https:\/\/floridabureauofunclaimedfunds.com\/es\/\">P\u00e1gina De Inicio<\/a><span class=\"breadcrumbs_delimiter\"><\/span><span class=\"breadcrumbs_item current\">Pol\u00edtica de Privacidad.<\/span><\/div><\/div><\/div><\/div>\t\t\t\t<\/div>\n\t\t\t\t<\/div>\n\t\t\t\t\t<\/div>\n\t\t<\/div>\n\t\t\t\t\t<\/div>\n\t\t<\/section>\n\t\t\t\t<section class=\"elementor-section elementor-top-section elementor-element elementor-element-97f7db0 elementor-section-boxed elementor-section-height-default elementor-section-height-default sc_fly_static\" data-id=\"97f7db0\" data-element_type=\"section\" data-e-type=\"section\">\n\t\t\t\t\t\t<div class=\"elementor-container elementor-column-gap-extended\">\n\t\t\t\t\t<div class=\"elementor-column elementor-col-100 elementor-top-column elementor-element elementor-element-419e091 sc_inner_width_none sc_content_align_inherit sc_layouts_column_icons_position_left sc_fly_static\" data-id=\"419e091\" data-element_type=\"column\" data-e-type=\"column\">\n\t\t\t<div class=\"elementor-widget-wrap elementor-element-populated\">\n\t\t\t\t\t\t<div class=\"elementor-element elementor-element-a504cae sc_height_huge sc_fly_static elementor-widget elementor-widget-spacer\" data-id=\"a504cae\" data-element_type=\"widget\" data-e-type=\"widget\" data-widget_type=\"spacer.default\">\n\t\t\t\t<div class=\"elementor-widget-container\">\n\t\t\t\t\t\t\t<div class=\"elementor-spacer\">\n\t\t\t<div class=\"elementor-spacer-inner\"><\/div>\n\t\t<\/div>\n\t\t\t\t\t\t<\/div>\n\t\t\t\t<\/div>\n\t\t\t\t\t<\/div>\n\t\t<\/div>\n\t\t\t\t\t<\/div>\n\t\t<\/section>\n\t\t\t\t<section class=\"elementor-section elementor-top-section elementor-element elementor-element-1e68d321 elementor-section-boxed elementor-section-height-default elementor-section-height-default sc_fly_static\" data-id=\"1e68d321\" data-element_type=\"section\" data-e-type=\"section\" data-settings=\"{&quot;background_background&quot;:&quot;classic&quot;}\">\n\t\t\t\t\t\t<div class=\"elementor-container elementor-column-gap-extended\">\n\t\t\t\t\t<div class=\"elementor-column elementor-col-100 elementor-top-column elementor-element elementor-element-1a3ad574 sc_inner_width_none sc_content_align_inherit sc_layouts_column_icons_position_left sc_fly_static\" data-id=\"1a3ad574\" data-element_type=\"column\" data-e-type=\"column\">\n\t\t\t<div class=\"elementor-widget-wrap elementor-element-populated\">\n\t\t\t\t\t\t<div class=\"elementor-element elementor-element-4e0cf79f sc_fly_static elementor-widget elementor-widget-text-editor\" data-id=\"4e0cf79f\" data-element_type=\"widget\" data-e-type=\"widget\" data-widget_type=\"text-editor.default\">\n\t\t\t\t<div class=\"elementor-widget-container\">\n\t\t\t\t\t\t\t\t\t<h1>PRIVACIDA Y SEGURIDAD<\/h1><article id=\"post-201\" class=\"post-201 page type-page status-publish hentry\"><div class=\"entry-content\"><section class=\"wpb-content-wrapper\"><div class=\"vc_row wpb_row vc_row-fluid\"><div class=\"wpb_column vc_column_container vc_col-sm-12\"><div class=\"vc_column-inner\"><div class=\"wpb_wrapper\"><div class=\"wpb_text_column wpb_content_element\"><div class=\"wpb_wrapper\">\u00a0<\/div><\/div><\/div><\/div><\/div><\/div><\/section><\/div><\/article>\t\t\t\t\t\t\t\t<\/div>\n\t\t\t\t<\/div>\n\t\t\t\t\t<\/div>\n\t\t<\/div>\n\t\t\t\t\t<\/div>\n\t\t<\/section>\n\t\t\t\t<section class=\"elementor-section elementor-top-section elementor-element elementor-element-7124412e elementor-section-boxed elementor-section-height-default elementor-section-height-default sc_fly_static\" data-id=\"7124412e\" data-element_type=\"section\" data-e-type=\"section\" data-settings=\"{&quot;background_background&quot;:&quot;classic&quot;}\">\n\t\t\t\t\t\t<div class=\"elementor-container elementor-column-gap-extended\">\n\t\t\t\t\t<div class=\"elementor-column elementor-col-100 elementor-top-column elementor-element elementor-element-7172a777 sc_inner_width_none sc_content_align_inherit sc_layouts_column_icons_position_left sc_fly_static\" data-id=\"7172a777\" data-element_type=\"column\" data-e-type=\"column\">\n\t\t\t<div class=\"elementor-widget-wrap elementor-element-populated\">\n\t\t\t\t\t\t<div class=\"elementor-element elementor-element-39a3cf42 sc_fly_static elementor-widget elementor-widget-text-editor\" data-id=\"39a3cf42\" data-element_type=\"widget\" data-e-type=\"widget\" data-widget_type=\"text-editor.default\">\n\t\t\t\t<div class=\"elementor-widget-container\">\n\t\t\t\t\t\t\t\t\t<p>Florida Bureau ha tomado medidas significativas para proteger la privacidad y la seguridad de la informaci\u00f3n personal. \u201cInformaci\u00f3n personal\u201d es cualquier informaci\u00f3n que permita a alguien identificar o contactar con sus clientes. Esta informaci\u00f3n personal incluye los nombres de sus clientes, los n\u00fameros de seguridad social, las direcciones, n\u00fameros de tel\u00e9fono, n\u00fameros fax o correo electr\u00f3nicos.<\/p><p>La informaci\u00f3n personal se utilizar\u00e1 \u00fanicamente para la finalidad para la que fue recopilada, es decir, para ayudar a Florida Bureau of Unclaimed Funds en la r\u00e1pida recuperaci\u00f3n de sus activos no reclamados o perdidos.<\/p><p>Florida Bureau no vende, comparte, comercia o divulga de otro modo ninguna informaci\u00f3n personal a menos que est\u00e9 legalmente obligado a hacerlo. Un ejemplo de una situaci\u00f3n que requiere la divulgaci\u00f3n legal de la informaci\u00f3n personal de nuestros clientes puede ocurrir en relaci\u00f3n con el suministro al fiduciario o titular de los activos no reclamados o perdidos con la informaci\u00f3n de identificaci\u00f3n necesaria para verificar que usted es el destinatario previsto de los bienes no reclamados u perdidos. El administrador y el titular de los activos no reclamados o perdidos est\u00e1n tan preocupados por el robo de identidad y el fraude como usted es, y es por eso que a menudo requieren dicha informaci\u00f3n.<\/p><p>Florida Bureau ha desarrollado procedimientos internos para proteger la confidencialidad, seguridad e integridad de la informaci\u00f3n personal que nos facilitan nuestros clientes.\n\nToda la informaci\u00f3n de identificaci\u00f3n personal est\u00e1 sujeto a acceso restringido incluso entre nuestros empleados. Las medidas de seguridad de Florida Bureau est\u00e1n dise\u00f1adas para proteger la divulgaci\u00f3n, p\u00e9rdida o uso indebido de la informaci\u00f3n bajo nuestro control. Una vez que la recuperaci\u00f3n se completa, hacemos un esfuerzo sustancial para eliminar la informaci\u00f3n personal de nuestra base de datos y archivos. Eliminamos toda la informaci\u00f3n confidencial y privada una vez finalizado el proceso de recuperaci\u00f3n.<\/p><p>Recuperar sus activos y proteger su informaci\u00f3n personal es una de las principales prioridades de Florida Bureau.<\/p><p>Pol\u00edtica de Privacidad y No Divulgaci\u00f3n Florida Bureau intenta proteger toda la Informaci\u00f3n Confidencial proporcionada por sus clientes de divulgaci\u00f3n a cualquier persona o entidad distinta al empleado autorizado de Florida Bureau asignado al caso de un cliente.<\/p><p>El t\u00e9rmino \u201cInformaci\u00f3n Confidencial\u201d incluye toda la informaci\u00f3n de propiedad o secreto comercial.<br \/>En relaci\u00f3n con nuestros clientes, incluyendo, sin limitaci\u00f3n, informaci\u00f3n relativa a las operaciones comerciales de los clientes, informaci\u00f3n financiera, estrategias de mercadotecnia, y cualquier nota, an\u00e1lisis, compilaciones, estudios, interpretaciones u otros documentos preparados por nuestros clientes.<\/p><p>El t\u00e9rmino \u201cInformaci\u00f3n Confidencial\u201d no incluye cualquier informaci\u00f3n que<br \/>(i) en el momento de la divulgaci\u00f3n de un cliente es generalmente disponible o conocido por el p\u00fablico, la Oficina de Florida Bureau los representantes de la oficina de Florida Bureau<br \/>(ii) estuviera disponible para la oficina del Florida Bureau antes de su divulgaci\u00f3n por nuestro cliente<br \/>(iii) se ponga a disposici\u00f3n de Florida Bureau en una base no confidencial de una persona distinta a nuestro cliente.<\/p><p>Si Florida Bureau recibe una solicitud para revelar toda o cualquier informaci\u00f3n confidencial bajo los t\u00e9rminos de una petici\u00f3n o orden v\u00e1lida y efectiva emitida, Florida Bureau<br \/>(i) notificar\u00e1 inmediatamente a nuestro cliente de la existencia, t\u00e9rminos y circunstancias que rodean tal solicitud<br \/>(ii) consultar\u00e1 con nuestro cliente sobre la conveniencia de tomar medidas legalmente disponibles para resistir o restringir dicha solicitud.<\/p><h2>Pol\u00edtica de privacidad nuestra P\u00e1gina Web<\/h2><p>Este Aviso de Privacidad revela las pr\u00e1cticas de privacidad para floridabureauofunclaimedfunds.com. Este aviso de privacidad se aplica \u00fanicamente a la informaci\u00f3n recopilada por este sitio web. Te notificar\u00e1 lo siguiente:<br \/>1. Qu\u00e9 informaci\u00f3n de identificaci\u00f3n personal se recopila de usted a trav\u00e9s del sitio web, c\u00f3mo se utiliza y con qui\u00e9n se puede compartir.<br \/>2. \u00bfQu\u00e9 opciones est\u00e1n a su disposici\u00f3n con respecto al uso de sus datos?<br \/>3. Los procedimientos de seguridad establecidos para proteger el uso indebido de su informaci\u00f3n.<br \/>4. C\u00f3mo puede corregir cualquier inexactitud en la informaci\u00f3n.<\/p><p><strong style=\"color: #000000;\">Recopilaci\u00f3n, uso y compartir informaci\u00f3n<\/strong><\/p><p>Somos los \u00fanicos propietarios de la informaci\u00f3n recopilada en este sitio.<\/p><p>S\u00f3lo tenemos acceso a la informaci\u00f3n que usted nos proporciona voluntariamente a trav\u00e9s de correo electr\u00f3nico u otro contacto directo con usted.<br \/>No venderemos ni alquilaremos esta informaci\u00f3n a nadie. Utilizaremos su informaci\u00f3n para responderle, en relaci\u00f3n con la raz\u00f3n por la que nos contact\u00f3. No compartiremos su informaci\u00f3n con terceros fuera de nuestra organizaci\u00f3n, excepto cuando sea necesario para cumplir con su solicitud, por ejemplo, para enviar un pedido.<\/p><p>A menos que nos pida no hacerlo, podemos ponernos en contacto con usted por correo electr\u00f3nico en el futuro para informarle sobre especialidades, nuevos productos o servicios, o cambios en esta pol\u00edtica de privacidad.<\/p><p><strong style=\"color: #000000;\">Su acceso y control sobre la informaci\u00f3n<\/strong><\/p><p>Puede optar por no contactar con nosotros en cualquier momento. Puede hacer lo siguiente en cualquier momento contact\u00e1ndonos a trav\u00e9s de la direcci\u00f3n de correo electr\u00f3nico o n\u00famero de tel\u00e9fono indicado en nuestro sitio web:<br \/>- Ver qu\u00e9 datos tenemos sobre usted, si hay. Cambiar \/ corregir cualquier informaci\u00f3n que tengamos sobre usted.<br \/>-<br \/>- Haga que borremos cualquier dato que tengamos sobre usted. Expresar cualquier preocupaci\u00f3n que tenga sobre nuestro uso de sus datos.<br \/>-<\/p><p><strong style=\"color: #000000;\">Seguridad<\/strong><\/p><p>Tomamos precauciones para proteger su informaci\u00f3n. Cuando usted env\u00eda informaci\u00f3n sensible a trav\u00e9s del sitio web, su informaci\u00f3n est\u00e1 protegida tanto en l\u00ednea como fuera de l\u00ednea.<br \/>Dondequiera que recopilemos informaci\u00f3n sensible (como datos de seguro social, fecha de nacimiento, etc), esa informaci\u00f3n es encriptada y se nos transmite de una manera segura. Puede verificar esto buscando un icono de bloqueo cerrado en la parte inferior de su navegador web o buscando \"https\" al principio de la direcci\u00f3n de la p\u00e1gina web.<\/p><p>Si bien utilizamos la encriptaci\u00f3n para proteger la informaci\u00f3n sensible transmitida en l\u00ednea, tambi\u00e9n protegemos su informaci\u00f3n fuera de l\u00ednea. S\u00f3lo a los empleados que necesitan la informaci\u00f3n para realizar un trabajo espec\u00edfico (por ejemplo, facturaci\u00f3n o servicio al cliente) se les concede acceso a la informaci\u00f3n de identificaci\u00f3n personal.<br \/>Los ordenadores\/servidores en los que almacenamos informaci\u00f3n de identificaci\u00f3n personal se mantienen en un entorno seguro.<\/p><p>Si usted cree que no estamos cumpliendo con esta pol\u00edtica de privacidad, debe contactar con nosotros de inmediato por tel\u00e9fono en <strong> <a style=\"color: #090d5c;\" href=\"tel:(877) 317-3103\">(877) 317-3103.<\/a><\/strong> o por correo electr\u00f3nico a <strong><a style=\"color: #090d5c;\" href=\"mailto:info@floridabureauofunclaimedfunds.com\">info@floridabureauofunclaimedfunds.com<\/a><\/strong><\/p>\t\t\t\t\t\t\t\t<\/div>\n\t\t\t\t<\/div>\n\t\t\t\t\t<\/div>\n\t\t<\/div>\n\t\t\t\t\t<\/div>\n\t\t<\/section>\n\t\t\t\t<\/div>","protected":false},"excerpt":{"rendered":"<p>Page (post) title HomePage (post) title PRIVACY &amp; SECURITY \u00a0 Florida Bureau has taken significant measures to protect the privacy and security of personal information. \u201cPersonal Information\u201d is&hellip;<\/p>","protected":false},"author":1,"featured_media":0,"parent":0,"menu_order":0,"comment_status":"closed","ping_status":"closed","template":"","meta":{"footnotes":""},"class_list":["post-26431","page","type-page","status-publish","hentry"],"_links":{"self":[{"href":"https:\/\/floridabureauofunclaimedfunds.com\/es\/wp-json\/wp\/v2\/pages\/26431","targetHints":{"allow":["GET"]}}],"collection":[{"href":"https:\/\/floridabureauofunclaimedfunds.com\/es\/wp-json\/wp\/v2\/pages"}],"about":[{"href":"https:\/\/floridabureauofunclaimedfunds.com\/es\/wp-json\/wp\/v2\/types\/page"}],"author":[{"embeddable":true,"href":"https:\/\/floridabureauofunclaimedfunds.com\/es\/wp-json\/wp\/v2\/users\/1"}],"replies":[{"embeddable":true,"href":"https:\/\/floridabureauofunclaimedfunds.com\/es\/wp-json\/wp\/v2\/comments?post=26431"}],"version-history":[{"count":53,"href":"https:\/\/floridabureauofunclaimedfunds.com\/es\/wp-json\/wp\/v2\/pages\/26431\/revisions"}],"predecessor-version":[{"id":34484,"href":"https:\/\/floridabureauofunclaimedfunds.com\/es\/wp-json\/wp\/v2\/pages\/26431\/revisions\/34484"}],"wp:attachment":[{"href":"https:\/\/floridabureauofunclaimedfunds.com\/es\/wp-json\/wp\/v2\/media?parent=26431"}],"curies":[{"name":"wp","href":"https:\/\/api.w.org\/{rel}","templated":true}]}}