{"id":33389,"date":"2023-06-19T08:41:07","date_gmt":"2023-06-19T08:41:07","guid":{"rendered":"https:\/\/floridabureauofunclaimedfunds.com\/?page_id=33389"},"modified":"2023-07-14T09:27:36","modified_gmt":"2023-07-14T09:27:36","slug":"locations-of-unclaimed-funds-or-lost-assets","status":"publish","type":"page","link":"https:\/\/floridabureauofunclaimedfunds.com\/es\/locations-of-unclaimed-funds-or-lost-assets\/","title":{"rendered":"Localizaci\u00f3n de fondos no reclamados o activos perdidos"},"content":{"rendered":"<div data-elementor-type=\"wp-page\" data-elementor-id=\"33389\" class=\"elementor elementor-33389\">\n\t\t\t\t\t\t<section class=\"elementor-section elementor-top-section elementor-element elementor-element-ab5e105 elementor-section-full_width elementor-section-height-default elementor-section-height-default sc_fly_static\" data-id=\"ab5e105\" data-element_type=\"section\" data-e-type=\"section\">\n\t\t\t\t\t\t<div class=\"elementor-container elementor-column-gap-extended\">\n\t\t\t\t\t<div class=\"elementor-column elementor-col-100 elementor-top-column elementor-element elementor-element-35ac325 sc_inner_width_none sc_content_align_inherit sc_layouts_column_icons_position_left sc_fly_static\" data-id=\"35ac325\" data-element_type=\"column\" data-e-type=\"column\">\n\t\t\t<div class=\"elementor-widget-wrap elementor-element-populated\">\n\t\t\t\t\t\t<div class=\"elementor-element elementor-element-6ac2bfe sc_fly_static elementor-widget elementor-widget-trx_sc_layouts_title\" data-id=\"6ac2bfe\" data-element_type=\"widget\" data-e-type=\"widget\" data-widget_type=\"trx_sc_layouts_title.default\">\n\t\t\t\t<div class=\"elementor-widget-container\">\n\t\t\t\t\t<div class=\"sc_layouts_title sc_align_center  trx_addons_inline_259524403 trx_addons_inline_286677945 with_content fixed_height with_image with_tint\" ><div class=\"sc_layouts_title_content\"><div class=\"sc_layouts_title_title\"><h1 class=\"sc_layouts_title_caption\">Localizaci\u00f3n de fondos no reclamados o activos perdidos<\/h1><\/div><div class=\"sc_layouts_title_breadcrumbs\"><div class=\"breadcrumbs\"><a class=\"breadcrumbs_item home\" href=\"https:\/\/floridabureauofunclaimedfunds.com\/es\/\">P\u00e1gina De Inicio<\/a><span class=\"breadcrumbs_delimiter\"><\/span><span class=\"breadcrumbs_item current\">Localizaci\u00f3n de fondos no reclamados o activos perdidos<\/span><\/div><\/div><\/div><\/div>\t\t\t\t<\/div>\n\t\t\t\t<\/div>\n\t\t\t\t\t<\/div>\n\t\t<\/div>\n\t\t\t\t\t<\/div>\n\t\t<\/section>\n\t\t\t\t<section class=\"elementor-section elementor-top-section elementor-element elementor-element-2bd8c8f elementor-section-boxed elementor-section-height-default elementor-section-height-default sc_fly_static\" data-id=\"2bd8c8f\" data-element_type=\"section\" data-e-type=\"section\">\n\t\t\t\t\t\t<div class=\"elementor-container elementor-column-gap-extended\">\n\t\t\t\t\t<div class=\"elementor-column elementor-col-100 elementor-top-column elementor-element elementor-element-277db52 sc_inner_width_none sc_content_align_inherit sc_layouts_column_icons_position_left sc_fly_static\" data-id=\"277db52\" data-element_type=\"column\" data-e-type=\"column\">\n\t\t\t<div class=\"elementor-widget-wrap elementor-element-populated\">\n\t\t\t\t\t\t<div class=\"elementor-element elementor-element-ce529f5 sc_height_huge sc_fly_static elementor-widget elementor-widget-spacer\" data-id=\"ce529f5\" data-element_type=\"widget\" data-e-type=\"widget\" data-widget_type=\"spacer.default\">\n\t\t\t\t<div class=\"elementor-widget-container\">\n\t\t\t\t\t\t\t<div class=\"elementor-spacer\">\n\t\t\t<div class=\"elementor-spacer-inner\"><\/div>\n\t\t<\/div>\n\t\t\t\t\t\t<\/div>\n\t\t\t\t<\/div>\n\t\t\t\t\t<\/div>\n\t\t<\/div>\n\t\t\t\t\t<\/div>\n\t\t<\/section>\n\t\t\t\t<section class=\"elementor-section elementor-top-section elementor-element elementor-element-99d47e7 elementor-section-boxed elementor-section-height-default elementor-section-height-default sc_fly_static\" data-id=\"99d47e7\" data-element_type=\"section\" data-e-type=\"section\">\n\t\t\t\t\t\t<div class=\"elementor-container elementor-column-gap-extended\">\n\t\t\t\t\t<div class=\"elementor-column elementor-col-100 elementor-top-column elementor-element elementor-element-6709f2b sc_inner_width_none sc_content_align_inherit sc_layouts_column_icons_position_left sc_fly_static\" data-id=\"6709f2b\" data-element_type=\"column\" data-e-type=\"column\">\n\t\t\t<div class=\"elementor-widget-wrap elementor-element-populated\">\n\t\t\t\t\t\t<div class=\"elementor-element elementor-element-8d5eb2a sc_fly_static elementor-widget elementor-widget-text-editor\" data-id=\"8d5eb2a\" data-element_type=\"widget\" data-e-type=\"widget\" data-widget_type=\"text-editor.default\">\n\t\t\t\t<div class=\"elementor-widget-container\">\n\t\t\t\t\t\t\t\t\t<p>Desde su creaci\u00f3n, la Oficina de Fondos No Reclamados de Florida ha identificado con \u00e9xito numerosas fuentes de activos no reclamados o perdidos, que a menudo permanecen ocultos hasta que expiran los derechos de reclamaci\u00f3n. En muchos casos, las regulaciones no obligan a los custodios de activos a divulgar p\u00fablicamente sus listas o a buscar diligentemente a los propietarios leg\u00edtimos. Estas fuentes de activos no reclamados o perdidos abarcan un amplio abanico de posibilidades, entre las que se incluyen:<\/p><ul><li><strong style=\"color: #000000;\">Entidades financieras:<\/strong>Cuentas de ahorro y corrientes olvidadas. Cheques o giros no cobrados o perdidos.<\/li><li><strong style=\"color: #000000;\">Compa\u00f1\u00edas de seguros:<\/strong>Prestaciones o indemnizaciones por fallecimiento en seguros de vida. P\u00f3lizas de hogar y comercio.<\/li><li><strong style=\"color: #000000;\">Agencias gubernamentales<\/strong>: Accedemos a informaci\u00f3n de agencias estatales y federales responsables de la custodia de propiedad no reclamada, como cajas de seguridad abandonadas o cuentas inactivas. Reembolsos o pagos en exceso del impuesto sobre la renta.<\/li><li><strong style=\"color: #000000;\">Entidades corporativas:<\/strong>Nos asociamos con corporaciones y empresas para recuperar dividendos no reclamados, ganancias de acciones u otros activos olvidados a nombre de la empresa.<\/li><li><strong style=\"color: #000000;\">Procedimientos judiciales:<\/strong>Supervisamos los procedimientos legales y los acuerdos para identificar a las personas o entidades con derecho a fondos no reclamados resultantes de demandas colectivas, distribuciones de herencias u otras acciones legales.<\/li><li><strong style=\"color: #000000;\">Registros de la propiedad inmobiliaria:<\/strong>Examinamos los registros de la propiedad para descubrir cualquier producto no reclamado de ventas de propiedades, cuentas en custodia o dep\u00f3sitos de alquiler. Devoluciones de impuestos sobre la propiedad o pagos en exceso.<\/li><li><strong style=\"color: #000000;\">Registros de sucesiones y herencias: .<\/strong>Revisamos los registros de sucesiones y herencias para identificar posibles beneficiarios o herederos que desconocen su derecho a los bienes heredados<\/li><li><strong style=\"color: #000000;\">Pago de herencia:<\/strong> de un ser querido fallecido.<\/li><\/ul><p>Nuestro principal objetivo es desvelar activos ocultos y localizar diligentemente a los herederos leg\u00edtimos, particulares y organizaciones con derecho a reclamarlos. Sin embargo, el proceso de reclamaci\u00f3n puede ser intrincado, complicado a\u00fan m\u00e1s por los titulares de activos que pueden dudar en liberar activos que potencialmente podr\u00edan absorber despu\u00e9s de un per\u00edodo espec\u00edfico.<\/p><p>Si un representante de la Oficina de Fondos No Reclamados de Florida se ha puesto en contacto con usted, significa que nuestra minuciosa investigaci\u00f3n ha establecido su derecho a activos no reclamados o perdidos. Nuestra notable tasa de \u00e9xito del 98 por ciento en la recuperaci\u00f3n de activos de las reclamaciones que presentamos demuestra el alto nivel de confianza que tenemos en su leg\u00edtima propiedad. Es importante tener en cuenta que nuestros servicios operan sobre una base de honorarios contingentes, lo que significa que no cobramos honorarios hasta que haya recibido su liquidaci\u00f3n. Este acuerdo asegura que nuestros esfuerzos se alinean con su \u00e9xito, proporcionando tranquilidad y motivaci\u00f3n para que logremos el mejor resultado posible para usted.<\/p><p>Estamos a una llamada de distancia, p\u00f3ngase en contacto con nosotros para obtener m\u00e1s informaci\u00f3n.<\/p>\t\t\t\t\t\t\t\t<\/div>\n\t\t\t\t<\/div>\n\t\t\t\t\t<\/div>\n\t\t<\/div>\n\t\t\t\t\t<\/div>\n\t\t<\/section>\n\t\t\t\t<section class=\"elementor-section elementor-top-section elementor-element elementor-element-627ecfe elementor-section-content-middle scheme_extra_dark elementor-section-boxed elementor-section-height-default elementor-section-height-default sc_fly_static\" data-id=\"627ecfe\" data-element_type=\"section\" data-e-type=\"section\" data-settings=\"{&quot;background_background&quot;:&quot;classic&quot;}\">\n\t\t\t\t\t\t<div class=\"elementor-container elementor-column-gap-no\">\n\t\t\t\t\t<div class=\"elementor-column elementor-col-50 elementor-top-column elementor-element elementor-element-c30c1c9 sc_inner_width_none sc_content_align_inherit sc_layouts_column_icons_position_left sc_fly_static\" data-id=\"c30c1c9\" data-element_type=\"column\" data-e-type=\"column\">\n\t\t\t<div class=\"elementor-widget-wrap elementor-element-populated\">\n\t\t\t\t\t\t<div class=\"elementor-element elementor-element-2a89af1 sc_fly_static elementor-widget elementor-widget-html\" data-id=\"2a89af1\" data-element_type=\"widget\" data-e-type=\"widget\" data-widget_type=\"html.default\">\n\t\t\t\t<div class=\"elementor-widget-container\">\n\t\t\t\t\t<iframe src=\"https:\/\/www.google.com\/maps\/embed?pb=!1m14!1m8!1m3!1d460379.7546131951!2d-80.413527!3d25.647522!3m2!1i1024!2i768!4f13.1!3m3!1m2!1s0x88d9c14698a27711%3A0xf887757424c361c4!2sFlorida%20Bureau%20of%20Unclaimed%20Funds!5e0!3m2!1sen!2sus!4v1687175560434!5m2!1sen!2sus\" width=\"600\" height=\"450\" style=\"border:0;\" allowfullscreen=\"\" loading=\"lazy\" referrerpolicy=\"no-referrer-when-downgrade\"><\/iframe>\t\t\t\t<\/div>\n\t\t\t\t<\/div>\n\t\t\t\t\t<\/div>\n\t\t<\/div>\n\t\t\t\t<div class=\"elementor-column elementor-col-50 elementor-top-column elementor-element elementor-element-dfc83a6 sc_inner_width_none sc_content_align_inherit sc_layouts_column_icons_position_left sc_fly_static\" data-id=\"dfc83a6\" data-element_type=\"column\" data-e-type=\"column\">\n\t\t\t<div class=\"elementor-widget-wrap elementor-element-populated\">\n\t\t\t\t\t\t<div class=\"elementor-element elementor-element-cf7b827 sc_height_small sc_fly_static elementor-widget elementor-widget-spacer\" data-id=\"cf7b827\" data-element_type=\"widget\" data-e-type=\"widget\" data-widget_type=\"spacer.default\">\n\t\t\t\t<div class=\"elementor-widget-container\">\n\t\t\t\t\t\t\t<div class=\"elementor-spacer\">\n\t\t\t<div class=\"elementor-spacer-inner\"><\/div>\n\t\t<\/div>\n\t\t\t\t\t\t<\/div>\n\t\t\t\t<\/div>\n\t\t\t\t<div class=\"elementor-element elementor-element-0e690c3 sc_fly_static elementor-widget elementor-widget-trx_sc_title\" data-id=\"0e690c3\" data-element_type=\"widget\" data-e-type=\"widget\" data-widget_type=\"trx_sc_title.default\">\n\t\t\t\t<div class=\"elementor-widget-container\">\n\t\t\t\t\t<div\t\tclass=\"sc_title sc_title_accent\" ><span class=\"sc_item_subtitle sc_title_subtitle sc_item_subtitle_above sc_item_title_style_accent\">Contactenos Hoy!<\/span><h1 class=\"sc_item_title sc_title_title sc_item_title_style_accent sc_item_title_tag trx_addons_inline_1908648160\"\n\t\t\t><span class=\"sc_item_title_text\">\u00bfTienes preguntas? <br>\u00a1Ponte en contacto!<\/span><\/h1><\/div>\t\t\t\t<\/div>\n\t\t\t\t<\/div>\n\t\t\t\t<div class=\"elementor-element elementor-element-ed6fee5 sc_fly_static elementor-widget elementor-widget-spacer\" data-id=\"ed6fee5\" data-element_type=\"widget\" data-e-type=\"widget\" data-widget_type=\"spacer.default\">\n\t\t\t\t<div class=\"elementor-widget-container\">\n\t\t\t\t\t\t\t<div class=\"elementor-spacer\">\n\t\t\t<div class=\"elementor-spacer-inner\"><\/div>\n\t\t<\/div>\n\t\t\t\t\t\t<\/div>\n\t\t\t\t<\/div>\n\t\t\t\t<div class=\"elementor-element elementor-element-29cf259 sc_fly_static elementor-widget elementor-widget-trx_sc_contact_form_7\" data-id=\"29cf259\" data-element_type=\"widget\" data-e-type=\"widget\" data-widget_type=\"trx_sc_contact_form_7.default\">\n\t\t\t\t<div class=\"elementor-widget-container\">\n\t\t\t\t\t\n<div class=\"wpcf7 no-js\" id=\"wpcf7-f1266-o1\" lang=\"en-US\" dir=\"ltr\" data-wpcf7-id=\"1266\">\n<div class=\"screen-reader-response\"><p role=\"status\" aria-live=\"polite\" aria-atomic=\"true\"><\/p> <ul><\/ul><\/div>\n<form action=\"\/es\/wp-json\/wp\/v2\/pages\/33389#wpcf7-f1266-o1\" method=\"post\" class=\"wpcf7-form init\" aria-label=\"Contact form\" novalidate=\"novalidate\" data-status=\"init\" data-trp-original-action=\"\/es\/wp-json\/wp\/v2\/pages\/33389#wpcf7-f1266-o1\">\n<fieldset class=\"hidden-fields-container\"><input type=\"hidden\" name=\"_wpcf7\" value=\"1266\" \/><input type=\"hidden\" name=\"_wpcf7_version\" value=\"6.1.5\" \/><input type=\"hidden\" name=\"_wpcf7_locale\" value=\"en_US\" \/><input type=\"hidden\" name=\"_wpcf7_unit_tag\" value=\"wpcf7-f1266-o1\" \/><input type=\"hidden\" name=\"_wpcf7_container_post\" value=\"0\" \/><input type=\"hidden\" name=\"_wpcf7_posted_data_hash\" value=\"\" \/>\n<\/fieldset>\n<div class=\"form-style-2\">\n\t<div class=\"columns_wrap\">\n\t\t<div class=\"column-1_2\">\n\t\t\t<p><span class=\"style-line\"><span class=\"wpcf7-form-control-wrap\" data-name=\"your-name\"><input size=\"40\" maxlength=\"400\" class=\"wpcf7-form-control wpcf7-text wpcf7-validates-as-required\" aria-required=\"true\" aria-invalid=\"false\" placeholder=\"Nombre\" value=\"\" type=\"text\" name=\"your-name\" \/><\/span><\/span>\n\t\t\t<\/p>\n\t\t<\/div>\n\t\t<div class=\"column-1_2\">\n\t\t\t<p><span class=\"style-line\"><span class=\"wpcf7-form-control-wrap\" data-name=\"your-last-name\"><input size=\"40\" maxlength=\"400\" class=\"wpcf7-form-control wpcf7-text wpcf7-validates-as-required\" aria-required=\"true\" aria-invalid=\"false\" placeholder=\"Nachname\" value=\"\" type=\"text\" name=\"your-last-name\" \/><\/span><\/span>\n\t\t\t<\/p>\n\t\t<\/div>\n\t<\/div>\n\t<div class=\"columns_wrap\">\n\t\t<div class=\"column-1_2\">\n\t\t\t<p><span class=\"style-line\"><span class=\"wpcf7-form-control-wrap\" data-name=\"your-email\"><input size=\"40\" maxlength=\"400\" class=\"wpcf7-form-control wpcf7-email wpcf7-validates-as-required wpcf7-text wpcf7-validates-as-email\" aria-required=\"true\" aria-invalid=\"false\" placeholder=\"Email\" value=\"\" type=\"email\" name=\"your-email\" \/><\/span><\/span>\n\t\t\t<\/p>\n\t\t<\/div>\n\t\t<div class=\"column-1_2\">\n\t\t\t<p><span class=\"style-line\"><span class=\"wpcf7-form-control-wrap\" data-name=\"phone\"><input size=\"40\" maxlength=\"400\" class=\"wpcf7-form-control wpcf7-tel wpcf7-validates-as-required wpcf7-text wpcf7-validates-as-tel\" aria-required=\"true\" aria-invalid=\"false\" placeholder=\"Telefono\" value=\"\" type=\"tel\" name=\"phone\" \/><\/span><\/span>\n\t\t\t<\/p>\n\t\t<\/div>\n\t<\/div>\n\t<div class=\"columns_wrap margin-bottom\">\n\t\t<div class=\"column-1_1\">\n\t\t\t<p><span class=\"style-line\"><span class=\"wpcf7-form-control-wrap\" data-name=\"your-message\"><textarea cols=\"40\" rows=\"10\" maxlength=\"2000\" class=\"wpcf7-form-control wpcf7-textarea wpcf7-validates-as-required\" aria-required=\"true\" aria-invalid=\"false\" placeholder=\"Nachricht\" name=\"your-message\"><\/textarea><\/span><\/span>\n\t\t\t<\/p>\n\t\t<\/div>\n\t<\/div>\n\t<p><input class=\"wpcf7-form-control wpcf7-submit has-spinner\" type=\"submit\" value=\"Ponte en contacto\" \/>\n\t<\/p>\n<\/div><div class=\"wpcf7-response-output\" aria-hidden=\"true\"><\/div>\n<input type=\"hidden\" name=\"trp-form-language\" value=\"es\"\/><\/form>\n<\/div>\n\t\t\t\t<\/div>\n\t\t\t\t<\/div>\n\t\t\t\t<div class=\"elementor-element elementor-element-d61f1e2 sc_height_small sc_layouts_hide_on_notebook sc_layouts_hide_on_tablet sc_layouts_hide_on_mobile sc_fly_static elementor-widget elementor-widget-spacer\" data-id=\"d61f1e2\" data-element_type=\"widget\" data-e-type=\"widget\" data-widget_type=\"spacer.default\">\n\t\t\t\t<div class=\"elementor-widget-container\">\n\t\t\t\t\t\t\t<div class=\"elementor-spacer\">\n\t\t\t<div class=\"elementor-spacer-inner\"><\/div>\n\t\t<\/div>\n\t\t\t\t\t\t<\/div>\n\t\t\t\t<\/div>\n\t\t\t\t\t<\/div>\n\t\t<\/div>\n\t\t\t\t\t<\/div>\n\t\t<\/section>\n\t\t\t\t<\/div>","protected":false},"excerpt":{"rendered":"<p>Page (post) title HomePage (post) title Since its establishment, Florida Bureau of Unclaimed Funds has successfully identified numerous sources of unclaimed or lost assets, often remaining concealed until&hellip;<\/p>","protected":false},"author":1,"featured_media":0,"parent":0,"menu_order":0,"comment_status":"closed","ping_status":"closed","template":"","meta":{"footnotes":""},"class_list":["post-33389","page","type-page","status-publish","hentry"],"_links":{"self":[{"href":"https:\/\/floridabureauofunclaimedfunds.com\/es\/wp-json\/wp\/v2\/pages\/33389","targetHints":{"allow":["GET"]}}],"collection":[{"href":"https:\/\/floridabureauofunclaimedfunds.com\/es\/wp-json\/wp\/v2\/pages"}],"about":[{"href":"https:\/\/floridabureauofunclaimedfunds.com\/es\/wp-json\/wp\/v2\/types\/page"}],"author":[{"embeddable":true,"href":"https:\/\/floridabureauofunclaimedfunds.com\/es\/wp-json\/wp\/v2\/users\/1"}],"replies":[{"embeddable":true,"href":"https:\/\/floridabureauofunclaimedfunds.com\/es\/wp-json\/wp\/v2\/comments?post=33389"}],"version-history":[{"count":25,"href":"https:\/\/floridabureauofunclaimedfunds.com\/es\/wp-json\/wp\/v2\/pages\/33389\/revisions"}],"predecessor-version":[{"id":34328,"href":"https:\/\/floridabureauofunclaimedfunds.com\/es\/wp-json\/wp\/v2\/pages\/33389\/revisions\/34328"}],"wp:attachment":[{"href":"https:\/\/floridabureauofunclaimedfunds.com\/es\/wp-json\/wp\/v2\/media?parent=33389"}],"curies":[{"name":"wp","href":"https:\/\/api.w.org\/{rel}","templated":true}]}}