{"id":33400,"date":"2023-06-19T08:51:22","date_gmt":"2023-06-19T08:51:22","guid":{"rendered":"https:\/\/floridabureauofunclaimedfunds.com\/?page_id=33400"},"modified":"2023-07-14T09:27:48","modified_gmt":"2023-07-14T09:27:48","slug":"our-asset-recovery-process","status":"publish","type":"page","link":"https:\/\/floridabureauofunclaimedfunds.com\/es\/our-asset-recovery-process\/","title":{"rendered":"Nuestro Proceso de Recuperaci\u00f3n de Activos"},"content":{"rendered":"<div data-elementor-type=\"wp-page\" data-elementor-id=\"33400\" class=\"elementor elementor-33400\">\n\t\t\t\t\t\t<section class=\"elementor-section elementor-top-section elementor-element elementor-element-8b8a6d0 elementor-section-full_width elementor-section-height-default elementor-section-height-default sc_fly_static\" data-id=\"8b8a6d0\" data-element_type=\"section\" data-e-type=\"section\">\n\t\t\t\t\t\t<div class=\"elementor-container elementor-column-gap-extended\">\n\t\t\t\t\t<div class=\"elementor-column elementor-col-100 elementor-top-column elementor-element elementor-element-9934a0e sc_inner_width_none sc_content_align_inherit sc_layouts_column_icons_position_left sc_fly_static\" data-id=\"9934a0e\" data-element_type=\"column\" data-e-type=\"column\">\n\t\t\t<div class=\"elementor-widget-wrap elementor-element-populated\">\n\t\t\t\t\t\t<div class=\"elementor-element elementor-element-3f23645 sc_fly_static elementor-widget elementor-widget-trx_sc_layouts_title\" data-id=\"3f23645\" data-element_type=\"widget\" data-e-type=\"widget\" data-widget_type=\"trx_sc_layouts_title.default\">\n\t\t\t\t<div class=\"elementor-widget-container\">\n\t\t\t\t\t<div class=\"sc_layouts_title sc_align_center  trx_addons_inline_161576003 trx_addons_inline_917965240 with_content fixed_height with_image with_tint\" ><div class=\"sc_layouts_title_content\"><div class=\"sc_layouts_title_title\"><h1 class=\"sc_layouts_title_caption\">Nuestro Proceso de Recuperaci\u00f3n de Activos<\/h1><\/div><div class=\"sc_layouts_title_breadcrumbs\"><div class=\"breadcrumbs\"><a class=\"breadcrumbs_item home\" href=\"https:\/\/floridabureauofunclaimedfunds.com\/es\/\">P\u00e1gina De Inicio<\/a><span class=\"breadcrumbs_delimiter\"><\/span><span class=\"breadcrumbs_item current\">Nuestro Proceso de Recuperaci\u00f3n de Activos<\/span><\/div><\/div><\/div><\/div>\t\t\t\t<\/div>\n\t\t\t\t<\/div>\n\t\t\t\t\t<\/div>\n\t\t<\/div>\n\t\t\t\t\t<\/div>\n\t\t<\/section>\n\t\t\t\t<section class=\"elementor-section elementor-top-section elementor-element elementor-element-65511a9 elementor-section-boxed elementor-section-height-default elementor-section-height-default sc_fly_static\" data-id=\"65511a9\" data-element_type=\"section\" data-e-type=\"section\">\n\t\t\t\t\t\t<div class=\"elementor-container elementor-column-gap-extended\">\n\t\t\t\t\t<div class=\"elementor-column elementor-col-100 elementor-top-column elementor-element elementor-element-6f31987 sc_inner_width_none sc_content_align_inherit sc_layouts_column_icons_position_left sc_fly_static\" data-id=\"6f31987\" data-element_type=\"column\" data-e-type=\"column\">\n\t\t\t<div class=\"elementor-widget-wrap elementor-element-populated\">\n\t\t\t\t\t\t<div class=\"elementor-element elementor-element-7541e80 sc_fly_static elementor-widget elementor-widget-spacer\" data-id=\"7541e80\" data-element_type=\"widget\" data-e-type=\"widget\" data-widget_type=\"spacer.default\">\n\t\t\t\t<div class=\"elementor-widget-container\">\n\t\t\t\t\t\t\t<div class=\"elementor-spacer\">\n\t\t\t<div class=\"elementor-spacer-inner\"><\/div>\n\t\t<\/div>\n\t\t\t\t\t\t<\/div>\n\t\t\t\t<\/div>\n\t\t\t\t<div class=\"elementor-element elementor-element-c8decc5 sc_fly_static elementor-widget elementor-widget-text-editor\" data-id=\"c8decc5\" data-element_type=\"widget\" data-e-type=\"widget\" data-widget_type=\"text-editor.default\">\n\t\t\t\t<div class=\"elementor-widget-container\">\n\t\t\t\t\t\t\t\t\t<p><strong style=\"color: #000000;\">1. Localizaci\u00f3n de activos:<\/strong> Nuestro equipo en Florida Bureau of Unclaimed Funds est\u00e1 compuesto de profesionales extensamente capacitados. Combinados con nuestro software privado, se especializan en la localizaci\u00f3n de los activos dormentes y los fondos no reclamados. A trav\u00e9s de nuestra experiencia y herramientas tecnol\u00f3gicas avanzadas, buscamos y identificamos diligentemente estos activos desde una amplia gama de fuentes.<\/p><p><strong style=\"color: #000000;\">2. Identificaci\u00f3n de las personas que tienen derecho a Activos o Fondos (Personas de Inter\u00e9s):<\/strong> Nuestra empresa ha establecido un grupo de trabajo dedicado que opera de forma independiente para revisar meticulosamente grandes vol\u00famenes de documentos privados y p\u00fablicos. El objetivo principal de este grupo de trabajo es identificar y establecer a las partes leg\u00edtimas que poseen los derechos sobre los activos o fondos en cuesti\u00f3n. Esto incluye examinar cuidadosamente los documentos para determinar los derechos de varias entidades como empresas, individuos y posesiones. Al llevar a cabo esta revisi\u00f3n exhaustiva, garantizamos la identificaci\u00f3n exacta y la asignaci\u00f3n de activos y fondos a las personas pertinentes de acuerdo con sus reclamaciones leg\u00edtimas.<\/p><p><strong style=\"color: #000000;\">3. C\u00f3mo buscamos y localizamos a nuestros clientes:<\/strong> Nuestro equipo involucra a profesionales de investigaci\u00f3nes extensamente capacitados, a rastreadores y a investigadores privados que emplean una amplia gama de herramientas y t\u00e9cnicas para localizar a nuestros clientes. Aprovechamos diferentes bases de datos de suscripci\u00f3n y bases de informaci\u00f3n p\u00fablica en l\u00ednea, y hacemos grandes esfuerzos, incluyendo llegar a familiares y antiguos vecinos, para rastrear a nuestros clientes. Este aspecto del proceso de recuperaci\u00f3n es a la vez demorado y costoso, a menudo abarca de un mes a varios a\u00f1os para completar. Dedicamos recursos significativos para garantizar una b\u00fasqueda exhaustiva y completa para localizar con \u00e9xito a nuestros clientes y proceder con el proceso de recuperaci\u00f3n.<\/p><p><strong style=\"color: #000000;\">4. Usted ser\u00e1 contactado por un Gerente de Reclamaciones: <\/strong>Una vez que se convierta en un cliente potencial, se le asignar\u00e1 un gerente de reclamaciones dedicado que supervisar\u00e1 su caso. El gerente de reclamaciones iniciar\u00e1 el contacto con el interesado y evaluar\u00e1 el enfoque m\u00e1s adecuado para facilitar el proceso de reclamaci\u00f3n de los fondos en su nombre. Posteriormente, el gerente de reclamaciones redactar\u00e1 un acuerdo de contingencia simple que delinear\u00e1 claramente los t\u00e9rminos de la transacci\u00f3n. Este acuerdo sirve como un documento transparente y conciso que asegura que ambas partes est\u00e9n al tanto de los t\u00e9rminos acordados durante todo el proceso.<\/p><p><strong style=\"color: #000000;\">5. Proceso de preparaci\u00f3n y presentaci\u00f3n de reclamaciones:<\/strong><\/p><ul><li><strong style=\"color: #000000;\">La preparaci\u00f3n de los documentos:<\/strong> Tras su decisi\u00f3n de convertirse en cliente de Florida Bureau of Unclaimed Funds, nuestro equipo de expertos procesadores de reclamaciones se encarga de preparar toda la documentaci\u00f3n necesaria, incluyendo documentos, plenos y declaraciones. Estos materiales cuidadosamente preparados son vitales para documentar y justificar su propiedad leg\u00edtima o derecho a los activos o fondos en cuesti\u00f3n. Nuestros dedicados procesadores de reclamaciones garantizan que toda la documentaci\u00f3n requerida se complete de forma precisa y completa para apoyar su reclamaci\u00f3n de manera efectiva.<\/li><li><strong style=\"color: #000000;\">Conseguir los documentos al cliente:<\/strong> Despu\u00e9s de la preparaci\u00f3n de los documentos requeridos, nuestros procesadores de reclamaciones toman las medidas necesarias para organizar su entrega al interesado. El objetivo es garantizar que los documentos sean inmediatamente ejecutados por la parte relevante y posteriormente devueltos a Florida Bureau of Unclaimed Funds. Este proceso simplificado nos permite proceder de manera eficiente con las acciones necesarias para perseguir eficazmente su reclamaci\u00f3n.<\/li><li><strong style=\"color: #000000;\">Su reclamaci\u00f3n es creada y validada para procesamiento<\/strong> Una vez que los documentos ejecutados son recibidos por nuestro departamento de procesamiento de reclamaciones, se revisan meticulosamente y se re\u00fanen en un paquete de reclamaci\u00f3n completo. Este paquete de reclamaciones luego se somete a dos niveles adicionales de control de calidad riguroso para garantizar la exactitud y la exhaustividad. Nuestro equipo dedicado examina diligentemente cada aspecto del paquete de reclamaciones, no dejando espacio para errores o omisiones. S\u00f3lo despu\u00e9s de pasar estas meticulosas comprobaciones de control de calidad, el paquete de reclamaciones se considera listo para ser presentado al titular de los activos o fondos. Este meticuloso proceso garantiza que su reclamaci\u00f3n se presente de la forma m\u00e1s completa y profesional posible.<\/li><li><strong style=\"color: #000000;\">Notificaci\u00f3n de reclamaci\u00f3n presentada al cliente:<\/strong> Para mantener a nuestros clientes informados y actualizados durante todo el proceso de reclamaciones, enviamos prontamente una carta de confirmaci\u00f3n una vez que se haya presentado la reclamaci\u00f3n. Esta carta sirve como notificaci\u00f3n a nuestros clientes, especificando la fecha en que su reclamaci\u00f3n fue presentada oficialmente. Adem\u00e1s, proporcionamos un cronograma estimado para cu\u00e1ndo pueden esperar recibir el pago. Esta comunicaci\u00f3n proactiva garantiza la transparencia y ayuda a nuestros clientes a permanecer informados sobre el progreso de su reclamaci\u00f3n, ofreci\u00e9ndoles tranquilidad y claridad respecto al plazo de pago esperado.<\/li><\/ul><p><strong style=\"color: #000000;\">6. Comunicaci\u00f3n y seguimiento con nuestro cliente:<\/strong> Nuestro equipo dedicado de procesamiento de reclamaciones se encarga de manejar toda la correspondencia y consultas de los titulares de activos. Responde prontamente a cualquier pregunta o preocupaci\u00f3n que pueda surgir durante el proceso de reclamaci\u00f3n, asegurando una comunicaci\u00f3n efectiva y una respuesta oportuna. Nuestro equipo tambi\u00e9n trabaja diligentemente para cumplir con todos los plazos designados para garantizar la progresi\u00f3n suave de la reclamaci\u00f3n. En la rara circunstancia en la que la asistencia jur\u00eddica externa se convierte en necesaria para asegurar el pago, Florida Bureau of Unclaimed Funds asume la plena responsabilidad de gestionar todo el proceso. Tratamos todos los aspectos del procedimiento legal y anticipamos los gastos asociados con \u00e9l. Nuestro objetivo es aliviar cualquier carga potencial o obst\u00e1culo, permitiendo a nuestros clientes centrarse en la recuperaci\u00f3n exitosa de sus activos sin presi\u00f3n financiera adicional.<\/p><p><strong style=\"color: #000000;\">7. C\u00f3mo se paga su reclamo:<\/strong> Una vez que su reclamaci\u00f3n sea aprobada por el propietario del activo, le notificaremos prontamente el resultado exitoso. Al recibir los fondos, procederemos a preparar un cheque para usted, acompa\u00f1ado de una declaraci\u00f3n contable final exhaustiva. Esta declaraci\u00f3n proporcionar\u00e1 una descripci\u00f3n detallada de los fondos recuperados y de los gastos asociados, garantizando la transparencia y la claridad respecto a los aspectos financieros de la reclamaci\u00f3n. Adem\u00e1s, valoramos mucho sus comentarios, y como parte de nuestro compromiso con la excelencia, tambi\u00e9n incluiremos una encuesta de clientes con el cheque. Sus aportaciones y perspectivas son inestimables para nosotros, ya que continuamente nos esforzamos por mejorar nuestros servicios y superar las expectativas de nuestros clientes.<\/p>\t\t\t\t\t\t\t\t<\/div>\n\t\t\t\t<\/div>\n\t\t\t\t\t<\/div>\n\t\t<\/div>\n\t\t\t\t\t<\/div>\n\t\t<\/section>\n\t\t\t\t<section class=\"elementor-section elementor-top-section elementor-element elementor-element-aaf8401 elementor-section-content-middle scheme_extra_dark elementor-section-boxed elementor-section-height-default elementor-section-height-default sc_fly_static\" data-id=\"aaf8401\" data-element_type=\"section\" data-e-type=\"section\" data-settings=\"{&quot;background_background&quot;:&quot;classic&quot;}\">\n\t\t\t\t\t\t<div class=\"elementor-container elementor-column-gap-no\">\n\t\t\t\t\t<div class=\"elementor-column elementor-col-50 elementor-top-column elementor-element elementor-element-84e8e6f sc_inner_width_none sc_content_align_inherit sc_layouts_column_icons_position_left sc_fly_static\" data-id=\"84e8e6f\" data-element_type=\"column\" data-e-type=\"column\">\n\t\t\t<div class=\"elementor-widget-wrap elementor-element-populated\">\n\t\t\t\t\t\t<div class=\"elementor-element elementor-element-0614ca5 sc_fly_static elementor-widget elementor-widget-html\" data-id=\"0614ca5\" data-element_type=\"widget\" data-e-type=\"widget\" data-widget_type=\"html.default\">\n\t\t\t\t<div class=\"elementor-widget-container\">\n\t\t\t\t\t<iframe src=\"https:\/\/www.google.com\/maps\/embed?pb=!1m14!1m8!1m3!1d460379.7546131951!2d-80.413527!3d25.647522!3m2!1i1024!2i768!4f13.1!3m3!1m2!1s0x88d9c14698a27711%3A0xf887757424c361c4!2sFlorida%20Bureau%20of%20Unclaimed%20Funds!5e0!3m2!1sen!2sus!4v1687175560434!5m2!1sen!2sus\" width=\"600\" height=\"450\" style=\"border:0;\" allowfullscreen=\"\" loading=\"lazy\" referrerpolicy=\"no-referrer-when-downgrade\"><\/iframe>\t\t\t\t<\/div>\n\t\t\t\t<\/div>\n\t\t\t\t\t<\/div>\n\t\t<\/div>\n\t\t\t\t<div class=\"elementor-column elementor-col-50 elementor-top-column elementor-element elementor-element-c9befe9 sc_inner_width_none sc_content_align_inherit sc_layouts_column_icons_position_left sc_fly_static\" data-id=\"c9befe9\" data-element_type=\"column\" data-e-type=\"column\">\n\t\t\t<div class=\"elementor-widget-wrap elementor-element-populated\">\n\t\t\t\t\t\t<div class=\"elementor-element elementor-element-e50bec5 sc_height_small sc_fly_static elementor-widget elementor-widget-spacer\" data-id=\"e50bec5\" data-element_type=\"widget\" data-e-type=\"widget\" data-widget_type=\"spacer.default\">\n\t\t\t\t<div class=\"elementor-widget-container\">\n\t\t\t\t\t\t\t<div class=\"elementor-spacer\">\n\t\t\t<div class=\"elementor-spacer-inner\"><\/div>\n\t\t<\/div>\n\t\t\t\t\t\t<\/div>\n\t\t\t\t<\/div>\n\t\t\t\t<div class=\"elementor-element elementor-element-a3587d1 sc_fly_static elementor-widget elementor-widget-trx_sc_title\" data-id=\"a3587d1\" data-element_type=\"widget\" data-e-type=\"widget\" data-widget_type=\"trx_sc_title.default\">\n\t\t\t\t<div class=\"elementor-widget-container\">\n\t\t\t\t\t<div\t\tclass=\"sc_title sc_title_accent\" ><span class=\"sc_item_subtitle sc_title_subtitle sc_item_subtitle_above sc_item_title_style_accent\">Contactenos Hoy!<\/span><h1 class=\"sc_item_title sc_title_title sc_item_title_style_accent sc_item_title_tag trx_addons_inline_547288686\"\n\t\t\t><span class=\"sc_item_title_text\">\u00bfTienes preguntas? <br>\u00a1Ponte en contacto!<\/span><\/h1><\/div>\t\t\t\t<\/div>\n\t\t\t\t<\/div>\n\t\t\t\t<div class=\"elementor-element elementor-element-a519e9c sc_fly_static elementor-widget elementor-widget-spacer\" data-id=\"a519e9c\" data-element_type=\"widget\" data-e-type=\"widget\" data-widget_type=\"spacer.default\">\n\t\t\t\t<div class=\"elementor-widget-container\">\n\t\t\t\t\t\t\t<div class=\"elementor-spacer\">\n\t\t\t<div class=\"elementor-spacer-inner\"><\/div>\n\t\t<\/div>\n\t\t\t\t\t\t<\/div>\n\t\t\t\t<\/div>\n\t\t\t\t<div class=\"elementor-element elementor-element-735cfce sc_fly_static elementor-widget elementor-widget-trx_sc_contact_form_7\" data-id=\"735cfce\" data-element_type=\"widget\" data-e-type=\"widget\" data-widget_type=\"trx_sc_contact_form_7.default\">\n\t\t\t\t<div class=\"elementor-widget-container\">\n\t\t\t\t\t\n<div class=\"wpcf7 no-js\" id=\"wpcf7-f1266-o1\" lang=\"en-US\" dir=\"ltr\" data-wpcf7-id=\"1266\">\n<div class=\"screen-reader-response\"><p role=\"status\" aria-live=\"polite\" aria-atomic=\"true\"><\/p> <ul><\/ul><\/div>\n<form action=\"\/es\/wp-json\/wp\/v2\/pages\/33400#wpcf7-f1266-o1\" method=\"post\" class=\"wpcf7-form init\" aria-label=\"Contact form\" novalidate=\"novalidate\" data-status=\"init\" data-trp-original-action=\"\/es\/wp-json\/wp\/v2\/pages\/33400#wpcf7-f1266-o1\">\n<fieldset class=\"hidden-fields-container\"><input type=\"hidden\" name=\"_wpcf7\" value=\"1266\" \/><input type=\"hidden\" name=\"_wpcf7_version\" value=\"6.1.5\" \/><input type=\"hidden\" name=\"_wpcf7_locale\" value=\"en_US\" \/><input type=\"hidden\" name=\"_wpcf7_unit_tag\" value=\"wpcf7-f1266-o1\" \/><input type=\"hidden\" name=\"_wpcf7_container_post\" value=\"0\" \/><input type=\"hidden\" name=\"_wpcf7_posted_data_hash\" value=\"\" \/>\n<\/fieldset>\n<div class=\"form-style-2\">\n\t<div class=\"columns_wrap\">\n\t\t<div class=\"column-1_2\">\n\t\t\t<p><span class=\"style-line\"><span class=\"wpcf7-form-control-wrap\" data-name=\"your-name\"><input size=\"40\" maxlength=\"400\" class=\"wpcf7-form-control wpcf7-text wpcf7-validates-as-required\" aria-required=\"true\" aria-invalid=\"false\" placeholder=\"Nombre\" value=\"\" type=\"text\" name=\"your-name\" \/><\/span><\/span>\n\t\t\t<\/p>\n\t\t<\/div>\n\t\t<div class=\"column-1_2\">\n\t\t\t<p><span class=\"style-line\"><span class=\"wpcf7-form-control-wrap\" data-name=\"your-last-name\"><input size=\"40\" maxlength=\"400\" class=\"wpcf7-form-control wpcf7-text wpcf7-validates-as-required\" aria-required=\"true\" aria-invalid=\"false\" placeholder=\"Nachname\" value=\"\" type=\"text\" name=\"your-last-name\" \/><\/span><\/span>\n\t\t\t<\/p>\n\t\t<\/div>\n\t<\/div>\n\t<div class=\"columns_wrap\">\n\t\t<div class=\"column-1_2\">\n\t\t\t<p><span class=\"style-line\"><span class=\"wpcf7-form-control-wrap\" data-name=\"your-email\"><input size=\"40\" maxlength=\"400\" class=\"wpcf7-form-control wpcf7-email wpcf7-validates-as-required wpcf7-text wpcf7-validates-as-email\" aria-required=\"true\" aria-invalid=\"false\" placeholder=\"Email\" value=\"\" type=\"email\" name=\"your-email\" \/><\/span><\/span>\n\t\t\t<\/p>\n\t\t<\/div>\n\t\t<div class=\"column-1_2\">\n\t\t\t<p><span class=\"style-line\"><span class=\"wpcf7-form-control-wrap\" data-name=\"phone\"><input size=\"40\" maxlength=\"400\" class=\"wpcf7-form-control wpcf7-tel wpcf7-validates-as-required wpcf7-text wpcf7-validates-as-tel\" aria-required=\"true\" aria-invalid=\"false\" placeholder=\"Telefono\" value=\"\" type=\"tel\" name=\"phone\" \/><\/span><\/span>\n\t\t\t<\/p>\n\t\t<\/div>\n\t<\/div>\n\t<div class=\"columns_wrap margin-bottom\">\n\t\t<div class=\"column-1_1\">\n\t\t\t<p><span class=\"style-line\"><span class=\"wpcf7-form-control-wrap\" data-name=\"your-message\"><textarea cols=\"40\" rows=\"10\" maxlength=\"2000\" class=\"wpcf7-form-control wpcf7-textarea wpcf7-validates-as-required\" aria-required=\"true\" aria-invalid=\"false\" placeholder=\"Nachricht\" name=\"your-message\"><\/textarea><\/span><\/span>\n\t\t\t<\/p>\n\t\t<\/div>\n\t<\/div>\n\t<p><input class=\"wpcf7-form-control wpcf7-submit has-spinner\" type=\"submit\" value=\"Ponte en contacto\" \/>\n\t<\/p>\n<\/div><div class=\"wpcf7-response-output\" aria-hidden=\"true\"><\/div>\n<input type=\"hidden\" name=\"trp-form-language\" value=\"es\"\/><\/form>\n<\/div>\n\t\t\t\t<\/div>\n\t\t\t\t<\/div>\n\t\t\t\t<div class=\"elementor-element elementor-element-12b2958 sc_height_small sc_layouts_hide_on_notebook sc_layouts_hide_on_tablet sc_layouts_hide_on_mobile sc_fly_static elementor-widget elementor-widget-spacer\" data-id=\"12b2958\" data-element_type=\"widget\" data-e-type=\"widget\" data-widget_type=\"spacer.default\">\n\t\t\t\t<div class=\"elementor-widget-container\">\n\t\t\t\t\t\t\t<div class=\"elementor-spacer\">\n\t\t\t<div class=\"elementor-spacer-inner\"><\/div>\n\t\t<\/div>\n\t\t\t\t\t\t<\/div>\n\t\t\t\t<\/div>\n\t\t\t\t\t<\/div>\n\t\t<\/div>\n\t\t\t\t\t<\/div>\n\t\t<\/section>\n\t\t\t\t<\/div>","protected":false},"excerpt":{"rendered":"<p>Page (post) title HomePage (post) title 1. Locating Assets: At Florida Bureau of Unclaimed Funds our team consists of extensively trained professionals who, combined with our private software,&hellip;<\/p>","protected":false},"author":1,"featured_media":0,"parent":0,"menu_order":0,"comment_status":"closed","ping_status":"closed","template":"","meta":{"footnotes":""},"class_list":["post-33400","page","type-page","status-publish","hentry"],"_links":{"self":[{"href":"https:\/\/floridabureauofunclaimedfunds.com\/es\/wp-json\/wp\/v2\/pages\/33400","targetHints":{"allow":["GET"]}}],"collection":[{"href":"https:\/\/floridabureauofunclaimedfunds.com\/es\/wp-json\/wp\/v2\/pages"}],"about":[{"href":"https:\/\/floridabureauofunclaimedfunds.com\/es\/wp-json\/wp\/v2\/types\/page"}],"author":[{"embeddable":true,"href":"https:\/\/floridabureauofunclaimedfunds.com\/es\/wp-json\/wp\/v2\/users\/1"}],"replies":[{"embeddable":true,"href":"https:\/\/floridabureauofunclaimedfunds.com\/es\/wp-json\/wp\/v2\/comments?post=33400"}],"version-history":[{"count":26,"href":"https:\/\/floridabureauofunclaimedfunds.com\/es\/wp-json\/wp\/v2\/pages\/33400\/revisions"}],"predecessor-version":[{"id":34487,"href":"https:\/\/floridabureauofunclaimedfunds.com\/es\/wp-json\/wp\/v2\/pages\/33400\/revisions\/34487"}],"wp:attachment":[{"href":"https:\/\/floridabureauofunclaimedfunds.com\/es\/wp-json\/wp\/v2\/media?parent=33400"}],"curies":[{"name":"wp","href":"https:\/\/api.w.org\/{rel}","templated":true}]}}