{"id":33412,"date":"2023-06-19T11:20:53","date_gmt":"2023-06-19T11:20:53","guid":{"rendered":"https:\/\/floridabureauofunclaimedfunds.com\/?page_id=33412"},"modified":"2023-07-17T13:27:47","modified_gmt":"2023-07-17T13:27:47","slug":"why-choose-florida-bureau-of-unclaimed-funds","status":"publish","type":"page","link":"https:\/\/floridabureauofunclaimedfunds.com\/es\/why-choose-florida-bureau-of-unclaimed-funds\/","title":{"rendered":"Why Choose Florida Bureau of Unclaimed Funds?"},"content":{"rendered":"<div data-elementor-type=\"wp-page\" data-elementor-id=\"33412\" class=\"elementor elementor-33412\">\n\t\t\t\t\t\t<section class=\"elementor-section elementor-top-section elementor-element elementor-element-dec737a elementor-section-full_width elementor-section-height-default elementor-section-height-default sc_fly_static\" data-id=\"dec737a\" data-element_type=\"section\" data-e-type=\"section\">\n\t\t\t\t\t\t<div class=\"elementor-container elementor-column-gap-extended\">\n\t\t\t\t\t<div class=\"elementor-column elementor-col-100 elementor-top-column elementor-element elementor-element-f7c2184 sc_inner_width_none sc_content_align_inherit sc_layouts_column_icons_position_left sc_fly_static\" data-id=\"f7c2184\" data-element_type=\"column\" data-e-type=\"column\">\n\t\t\t<div class=\"elementor-widget-wrap elementor-element-populated\">\n\t\t\t\t\t\t<div class=\"elementor-element elementor-element-5c3a86e sc_layouts_hide_on_wide sc_layouts_hide_on_desktop sc_layouts_hide_on_notebook sc_layouts_hide_on_tablet sc_layouts_hide_on_mobile sc_fly_static elementor-widget elementor-widget-trx_sc_layouts_title\" data-id=\"5c3a86e\" data-element_type=\"widget\" data-e-type=\"widget\" data-widget_type=\"trx_sc_layouts_title.default\">\n\t\t\t\t<div class=\"elementor-widget-container\">\n\t\t\t\t\t<div class=\"sc_layouts_title hide_on_wide hide_on_desktop hide_on_notebook hide_on_tablet hide_on_mobile sc_align_center  trx_addons_inline_625278054 trx_addons_inline_1512384880 with_content fixed_height with_image with_tint\" ><div class=\"sc_layouts_title_content\"><div class=\"sc_layouts_title_title\"><h1 class=\"sc_layouts_title_caption\">Why Choose Florida Bureau of Unclaimed Funds?<\/h1><\/div><div class=\"sc_layouts_title_breadcrumbs\"><div class=\"breadcrumbs\"><a class=\"breadcrumbs_item home\" href=\"https:\/\/floridabureauofunclaimedfunds.com\/es\/\">P\u00e1gina De Inicio<\/a><span class=\"breadcrumbs_delimiter\"><\/span><span class=\"breadcrumbs_item current\">Why Choose Florida Bureau of Unclaimed Funds?<\/span><\/div><\/div><\/div><\/div>\t\t\t\t<\/div>\n\t\t\t\t<\/div>\n\t\t\t\t\t<\/div>\n\t\t<\/div>\n\t\t\t\t\t<\/div>\n\t\t<\/section>\n\t\t\t\t<section class=\"elementor-section elementor-top-section elementor-element elementor-element-35f06db elementor-section-boxed elementor-section-height-default elementor-section-height-default sc_fly_static\" data-id=\"35f06db\" data-element_type=\"section\" data-e-type=\"section\">\n\t\t\t\t\t\t<div class=\"elementor-container elementor-column-gap-extended\">\n\t\t\t\t\t<div class=\"elementor-column elementor-col-100 elementor-top-column elementor-element elementor-element-d5738c9 sc_inner_width_none sc_content_align_inherit sc_layouts_column_icons_position_left sc_fly_static\" data-id=\"d5738c9\" data-element_type=\"column\" data-e-type=\"column\">\n\t\t\t<div class=\"elementor-widget-wrap elementor-element-populated\">\n\t\t\t\t\t\t<div class=\"elementor-element elementor-element-4fa495e sc_height_huge sc_fly_static elementor-widget elementor-widget-spacer\" data-id=\"4fa495e\" data-element_type=\"widget\" data-e-type=\"widget\" data-widget_type=\"spacer.default\">\n\t\t\t\t<div class=\"elementor-widget-container\">\n\t\t\t\t\t\t\t<div class=\"elementor-spacer\">\n\t\t\t<div class=\"elementor-spacer-inner\"><\/div>\n\t\t<\/div>\n\t\t\t\t\t\t<\/div>\n\t\t\t\t<\/div>\n\t\t\t\t\t<\/div>\n\t\t<\/div>\n\t\t\t\t\t<\/div>\n\t\t<\/section>\n\t\t\t\t<section class=\"elementor-section elementor-top-section elementor-element elementor-element-647e89c elementor-section-boxed elementor-section-height-default elementor-section-height-default sc_fly_static\" data-id=\"647e89c\" data-element_type=\"section\" data-e-type=\"section\">\n\t\t\t\t\t\t<div class=\"elementor-container elementor-column-gap-extended\">\n\t\t\t\t\t<div class=\"elementor-column elementor-col-100 elementor-top-column elementor-element elementor-element-8c7d65c sc_inner_width_none sc_content_align_inherit sc_layouts_column_icons_position_left sc_fly_static\" data-id=\"8c7d65c\" data-element_type=\"column\" data-e-type=\"column\">\n\t\t\t<div class=\"elementor-widget-wrap elementor-element-populated\">\n\t\t\t\t\t\t<div class=\"elementor-element elementor-element-6b38474 sc_fly_static elementor-widget elementor-widget-image\" data-id=\"6b38474\" data-element_type=\"widget\" data-e-type=\"widget\" data-widget_type=\"image.default\">\n\t\t\t\t<div class=\"elementor-widget-container\">\n\t\t\t\t\t\t\t\t\t\t\t\t\t\t\t<img fetchpriority=\"high\" decoding=\"async\" width=\"857\" height=\"539\" src=\"https:\/\/floridabureauofunclaimedfunds.com\/wp-content\/uploads\/2023\/06\/PngItem_3816423.png\" class=\"attachment-full size-full wp-image-33695\" alt=\"\" srcset=\"https:\/\/floridabureauofunclaimedfunds.com\/wp-content\/uploads\/2023\/06\/PngItem_3816423.png 857w, https:\/\/floridabureauofunclaimedfunds.com\/wp-content\/uploads\/2023\/06\/PngItem_3816423-300x189.png 300w, https:\/\/floridabureauofunclaimedfunds.com\/wp-content\/uploads\/2023\/06\/PngItem_3816423-768x483.png 768w, https:\/\/floridabureauofunclaimedfunds.com\/wp-content\/uploads\/2023\/06\/PngItem_3816423-370x233.png 370w, https:\/\/floridabureauofunclaimedfunds.com\/wp-content\/uploads\/2023\/06\/PngItem_3816423-840x528.png 840w, https:\/\/floridabureauofunclaimedfunds.com\/wp-content\/uploads\/2023\/06\/PngItem_3816423-410x258.png 410w, https:\/\/floridabureauofunclaimedfunds.com\/wp-content\/uploads\/2023\/06\/PngItem_3816423-600x377.png 600w\" sizes=\"(max-width: 857px) 100vw, 857px\" \/>\t\t\t\t\t\t\t\t\t\t\t\t\t\t\t<\/div>\n\t\t\t\t<\/div>\n\t\t\t\t\t<\/div>\n\t\t<\/div>\n\t\t\t\t\t<\/div>\n\t\t<\/section>\n\t\t\t\t<section class=\"elementor-section elementor-top-section elementor-element elementor-element-831b795 elementor-section-boxed elementor-section-height-default elementor-section-height-default sc_fly_static\" data-id=\"831b795\" data-element_type=\"section\" data-e-type=\"section\">\n\t\t\t\t\t\t<div class=\"elementor-container elementor-column-gap-extended\">\n\t\t\t\t\t<div class=\"elementor-column elementor-col-100 elementor-top-column elementor-element elementor-element-48ae4d8 sc_inner_width_none sc_content_align_inherit sc_layouts_column_icons_position_left sc_fly_static\" data-id=\"48ae4d8\" data-element_type=\"column\" data-e-type=\"column\">\n\t\t\t<div class=\"elementor-widget-wrap elementor-element-populated\">\n\t\t\t\t\t\t<div class=\"elementor-element elementor-element-8c244a4 sc_fly_static elementor-widget elementor-widget-text-editor\" data-id=\"8c244a4\" data-element_type=\"widget\" data-e-type=\"widget\" data-widget_type=\"text-editor.default\">\n\t\t\t\t<div class=\"elementor-widget-container\">\n\t\t\t\t\t\t\t\t\t<strong style=\"color: #000000;\">Florida Bureau of Unclaimed Funds<\/strong> es la compa\u00f1\u00eda l\u00edder en los Estados Unidos especializada en la \nlocalizaci\u00f3n y recuperaci\u00f3n de activos no reclamados. Nuestros servicios excepcionales sirven a empresas y individuos de todo el mundo. Cada semana, nuestro equipo de analistas de investigaci\u00f3n altamente cualificados descubren diligentemente cantidades sustanciales de activos no reclamados o perdidos que han pasado desapercibidos por sus leg\u00edtimos propietarios, beneficiarios o herederos. Creemos firmemente en fomentar un enfoque colaborativo a lo largo del proceso de recuperaci\u00f3n, ofreciendo asistencia eficiente y transparente desde el principio hasta el final.\n<ul>\n \t<li>Hemos establecido fuertes relaciones con una red de abogados y otros profesionales de confianza que est\u00e1n disponibles para ofrecer su experiencia y asistencia cuando sea necesario. Estas conexiones valiosas juegan un papel crucial en la superaci\u00f3n de cualquier obst\u00e1culo potencial que pueda surgir en el proceso de localizar y recuperar sus activos no reclamados o perdidos. Aseg\u00farese de que tenemos los recursos y el apoyo para navegar por cualquier desaf\u00edo que se encuentre entre usted y sus activos leg\u00edtimos.<\/li>\n \t<li>A trav\u00e9s de nuestras relaciones establecidas con los custodios de activos, hemos simplificado el proceso de reclamaciones para garantizar la eficiencia y la puntualidad. Estas asociaciones de confianza nos permiten acelerar los procedimientos necesarios involucrados en la recuperaci\u00f3n de sus activos. Al trabajar estrechamente con los custodios de activos, podemos navegar eficazmente por los protocolos requeridos y acelerar la resoluci\u00f3n de su reclamaci\u00f3n. Sus activos son nuestra prioridad, y aprovechamos nuestras relaciones para garantizar un proceso de reclamaciones fluido y r\u00e1pido.<\/li>\n \t<li>Un equipo dedicado de profesionales que trabajan a tiempo completo para recuperar activos perdidos o no reclamados para los clientes.<\/li>\n \t<li>Tenemos m\u00e1s de 17 a\u00f1os de experiencia especializada en la localizaci\u00f3n y recuperaci\u00f3n de activos no reclamados o perdidos.<\/li>\n \t<li>Nuestro negocio opera sobre una base de honorarios de contingencia, lo que significa que no exigimos ning\u00fan tipo de honorarios o costo por adelantado de usted. Nuestro pago depende de nuestra recogida exitosa de los fondos que le pertenezcan leg\u00edtimamente. Puede estar seguro de que no se le cargar\u00e1 con ninguna obligaci\u00f3n financiera hasta que hayamos recuperado con \u00e9xito sus activos. Este enfoque alinea nuestros intereses con los suyos, ya que estamos motivados a perseguir y asegurar diligentemente los fondos que le deben antes de buscar una compensaci\u00f3n por nuestros servicios.<\/li>\n \t<li>Usted no nos debe nada si su reclamaci\u00f3n es infructuosa.<\/li>\n \t<li>Con una tasa de \u00e9xito sin precedentes del 98 por ciento, tenemos un historial probado de recuperaci\u00f3n exitosa de m\u00e1s de mil millones de d\u00f3lares para numerosas personas y organizaciones. Nuestra extensa lista de clientes incluye nombres de renombre como Wells Fargo, Bank of America, Chase Bank y la Administraci\u00f3n de Peque\u00f1as Empresas (SBA), entre otros. Esta impresionante tasa de \u00e9xito y el listado de clientes sirven como prueba de nuestra experiencia y capacidad para navegar eficazmente por las complejidades del proceso de recuperaci\u00f3n de activos. Puede tener confianza de que, al elegir nuestros servicios, se est\u00e1 asociando con una empresa confiable y experimentada que tiene una fuerte historia de entregar resultados exitosos para nuestros clientes.<\/li>\n \t<li>Estamos orgullosos de haber servido a innumerables clientes a lo largo de los a\u00f1os, y su satisfacci\u00f3n es nuestra prioridad principal. Podemos proporcionar f\u00e1cilmente referencias y testimonios de clientes y personas y organizaciones que hemos ayudado con \u00e9xito en la recuperaci\u00f3n de sus activos no reclamados o perdidos. Estos testimonios hablan de la calidad de nuestros servicios, nuestro compromiso con la satisfacci\u00f3n del cliente y los resultados positivos que hemos logrado. Creemos que las experiencias y los comentarios de nuestros clientes satisfechos pueden darle una comprensi\u00f3n clara del nivel de servicio y los resultados que puede esperar cuando trabaja con nosotros.<\/li>\n \t<li>Nuestro departamento de TIC utiliza herramientas de software de \u00faltima generaci\u00f3n que juegan un papel crucial en nuestra misi\u00f3n de reunir activos no reclamados o perdidos con sus propietarios leg\u00edtimos. Estas herramientas avanzadas est\u00e1n dise\u00f1adas espec\u00edficamente para recopilar, analizar y combinar de manera eficiente datos extensos de diversas fuentes.<\/li>\n<\/ul>\nTenga en cuenta que no se le cobrar\u00e1 nada hasta que efectivamente recuperemos sus activos. Asumimos todos los costes durante todo el proceso y no requerimos ning\u00fan tipo de tarifas o pagos anticipados antes de recibir su liquidaci\u00f3n. Esto tambi\u00e9n implica que no nos debe nada a menos que recuperemos con \u00e9xito los activos para usted. A medida que nos embarcamos en este viaje juntos, os animamos a hacer cualquier pregunta que pueda surgir. Estamos comprometidos a proporcionar actualizaciones regulares sobre nuestro progreso y comprobaremos proactivamente con usted a lo largo del proceso. Sin embargo, recuerde que siempre est\u00e1 bienvenido a contactarnos en cualquier momento si tiene cualquier consulta o requiere informaci\u00f3n adicional. Su satisfacci\u00f3n y comprensi\u00f3n son de suma importancia para nosotros.\t\t\t\t\t\t\t\t<\/div>\n\t\t\t\t<\/div>\n\t\t\t\t\t<\/div>\n\t\t<\/div>\n\t\t\t\t\t<\/div>\n\t\t<\/section>\n\t\t\t\t<section class=\"elementor-section elementor-top-section elementor-element elementor-element-752799e elementor-section-content-middle scheme_extra_dark elementor-section-boxed elementor-section-height-default elementor-section-height-default sc_fly_static\" data-id=\"752799e\" data-element_type=\"section\" data-e-type=\"section\" data-settings=\"{&quot;background_background&quot;:&quot;classic&quot;}\">\n\t\t\t\t\t\t<div class=\"elementor-container elementor-column-gap-no\">\n\t\t\t\t\t<div class=\"elementor-column elementor-col-50 elementor-top-column elementor-element elementor-element-ac3eb3a sc_inner_width_none sc_content_align_inherit sc_layouts_column_icons_position_left sc_fly_static\" data-id=\"ac3eb3a\" data-element_type=\"column\" data-e-type=\"column\">\n\t\t\t<div class=\"elementor-widget-wrap elementor-element-populated\">\n\t\t\t\t\t\t<div class=\"elementor-element elementor-element-c3c4463 sc_fly_static elementor-widget elementor-widget-html\" data-id=\"c3c4463\" data-element_type=\"widget\" data-e-type=\"widget\" data-widget_type=\"html.default\">\n\t\t\t\t<div class=\"elementor-widget-container\">\n\t\t\t\t\t<iframe src=\"https:\/\/www.google.com\/maps\/embed?pb=!1m14!1m8!1m3!1d460379.7546131951!2d-80.413527!3d25.647522!3m2!1i1024!2i768!4f13.1!3m3!1m2!1s0x88d9c14698a27711%3A0xf887757424c361c4!2sFlorida%20Bureau%20of%20Unclaimed%20Funds!5e0!3m2!1sen!2sus!4v1687175560434!5m2!1sen!2sus\" width=\"600\" height=\"450\" style=\"border:0;\" allowfullscreen=\"\" loading=\"lazy\" referrerpolicy=\"no-referrer-when-downgrade\"><\/iframe>\t\t\t\t<\/div>\n\t\t\t\t<\/div>\n\t\t\t\t\t<\/div>\n\t\t<\/div>\n\t\t\t\t<div class=\"elementor-column elementor-col-50 elementor-top-column elementor-element elementor-element-237e929 sc_inner_width_none sc_content_align_inherit sc_layouts_column_icons_position_left sc_fly_static\" data-id=\"237e929\" data-element_type=\"column\" data-e-type=\"column\">\n\t\t\t<div class=\"elementor-widget-wrap elementor-element-populated\">\n\t\t\t\t\t\t<div class=\"elementor-element elementor-element-9892d8f sc_height_small sc_fly_static elementor-widget elementor-widget-spacer\" data-id=\"9892d8f\" data-element_type=\"widget\" data-e-type=\"widget\" data-widget_type=\"spacer.default\">\n\t\t\t\t<div class=\"elementor-widget-container\">\n\t\t\t\t\t\t\t<div class=\"elementor-spacer\">\n\t\t\t<div class=\"elementor-spacer-inner\"><\/div>\n\t\t<\/div>\n\t\t\t\t\t\t<\/div>\n\t\t\t\t<\/div>\n\t\t\t\t<div class=\"elementor-element elementor-element-a7518e3 sc_fly_static elementor-widget elementor-widget-trx_sc_title\" data-id=\"a7518e3\" data-element_type=\"widget\" data-e-type=\"widget\" data-widget_type=\"trx_sc_title.default\">\n\t\t\t\t<div class=\"elementor-widget-container\">\n\t\t\t\t\t<div\t\tclass=\"sc_title sc_title_accent\" ><span class=\"sc_item_subtitle sc_title_subtitle sc_item_subtitle_above sc_item_title_style_accent\">Contactenos Hoy!<\/span><h1 class=\"sc_item_title sc_title_title sc_item_title_style_accent sc_item_title_tag trx_addons_inline_1458018154\"\n\t\t\t><span class=\"sc_item_title_text\">\u00bfTienes preguntas? <br>\u00a1Ponte en contacto!<\/span><\/h1><\/div>\t\t\t\t<\/div>\n\t\t\t\t<\/div>\n\t\t\t\t<div class=\"elementor-element elementor-element-b32d9d1 sc_fly_static elementor-widget elementor-widget-spacer\" data-id=\"b32d9d1\" data-element_type=\"widget\" data-e-type=\"widget\" data-widget_type=\"spacer.default\">\n\t\t\t\t<div class=\"elementor-widget-container\">\n\t\t\t\t\t\t\t<div class=\"elementor-spacer\">\n\t\t\t<div class=\"elementor-spacer-inner\"><\/div>\n\t\t<\/div>\n\t\t\t\t\t\t<\/div>\n\t\t\t\t<\/div>\n\t\t\t\t<div class=\"elementor-element elementor-element-dcb8ab9 sc_fly_static elementor-widget elementor-widget-trx_sc_contact_form_7\" data-id=\"dcb8ab9\" data-element_type=\"widget\" data-e-type=\"widget\" data-widget_type=\"trx_sc_contact_form_7.default\">\n\t\t\t\t<div class=\"elementor-widget-container\">\n\t\t\t\t\t\n<div class=\"wpcf7 no-js\" id=\"wpcf7-f1266-o1\" lang=\"en-US\" dir=\"ltr\" data-wpcf7-id=\"1266\">\n<div class=\"screen-reader-response\"><p role=\"status\" aria-live=\"polite\" aria-atomic=\"true\"><\/p> <ul><\/ul><\/div>\n<form action=\"\/es\/wp-json\/wp\/v2\/pages\/33412#wpcf7-f1266-o1\" method=\"post\" class=\"wpcf7-form init\" aria-label=\"Contact form\" novalidate=\"novalidate\" data-status=\"init\" data-trp-original-action=\"\/es\/wp-json\/wp\/v2\/pages\/33412#wpcf7-f1266-o1\">\n<fieldset class=\"hidden-fields-container\"><input type=\"hidden\" name=\"_wpcf7\" value=\"1266\" \/><input type=\"hidden\" name=\"_wpcf7_version\" value=\"6.1.5\" \/><input type=\"hidden\" name=\"_wpcf7_locale\" value=\"en_US\" \/><input type=\"hidden\" name=\"_wpcf7_unit_tag\" value=\"wpcf7-f1266-o1\" \/><input type=\"hidden\" name=\"_wpcf7_container_post\" value=\"0\" \/><input type=\"hidden\" name=\"_wpcf7_posted_data_hash\" value=\"\" \/>\n<\/fieldset>\n<div class=\"form-style-2\">\n\t<div class=\"columns_wrap\">\n\t\t<div class=\"column-1_2\">\n\t\t\t<p><span class=\"style-line\"><span class=\"wpcf7-form-control-wrap\" data-name=\"your-name\"><input size=\"40\" maxlength=\"400\" class=\"wpcf7-form-control wpcf7-text wpcf7-validates-as-required\" aria-required=\"true\" aria-invalid=\"false\" placeholder=\"Nombre\" value=\"\" type=\"text\" name=\"your-name\" \/><\/span><\/span>\n\t\t\t<\/p>\n\t\t<\/div>\n\t\t<div class=\"column-1_2\">\n\t\t\t<p><span class=\"style-line\"><span class=\"wpcf7-form-control-wrap\" data-name=\"your-last-name\"><input size=\"40\" maxlength=\"400\" class=\"wpcf7-form-control wpcf7-text wpcf7-validates-as-required\" aria-required=\"true\" aria-invalid=\"false\" placeholder=\"Nachname\" value=\"\" type=\"text\" name=\"your-last-name\" \/><\/span><\/span>\n\t\t\t<\/p>\n\t\t<\/div>\n\t<\/div>\n\t<div class=\"columns_wrap\">\n\t\t<div class=\"column-1_2\">\n\t\t\t<p><span class=\"style-line\"><span class=\"wpcf7-form-control-wrap\" data-name=\"your-email\"><input size=\"40\" maxlength=\"400\" class=\"wpcf7-form-control wpcf7-email wpcf7-validates-as-required wpcf7-text wpcf7-validates-as-email\" aria-required=\"true\" aria-invalid=\"false\" placeholder=\"Email\" value=\"\" type=\"email\" name=\"your-email\" \/><\/span><\/span>\n\t\t\t<\/p>\n\t\t<\/div>\n\t\t<div class=\"column-1_2\">\n\t\t\t<p><span class=\"style-line\"><span class=\"wpcf7-form-control-wrap\" data-name=\"phone\"><input size=\"40\" maxlength=\"400\" class=\"wpcf7-form-control wpcf7-tel wpcf7-validates-as-required wpcf7-text wpcf7-validates-as-tel\" aria-required=\"true\" aria-invalid=\"false\" placeholder=\"Telefono\" value=\"\" type=\"tel\" name=\"phone\" \/><\/span><\/span>\n\t\t\t<\/p>\n\t\t<\/div>\n\t<\/div>\n\t<div class=\"columns_wrap margin-bottom\">\n\t\t<div class=\"column-1_1\">\n\t\t\t<p><span class=\"style-line\"><span class=\"wpcf7-form-control-wrap\" data-name=\"your-message\"><textarea cols=\"40\" rows=\"10\" maxlength=\"2000\" class=\"wpcf7-form-control wpcf7-textarea wpcf7-validates-as-required\" aria-required=\"true\" aria-invalid=\"false\" placeholder=\"Nachricht\" name=\"your-message\"><\/textarea><\/span><\/span>\n\t\t\t<\/p>\n\t\t<\/div>\n\t<\/div>\n\t<p><input class=\"wpcf7-form-control wpcf7-submit has-spinner\" type=\"submit\" value=\"Ponte en contacto\" \/>\n\t<\/p>\n<\/div><div class=\"wpcf7-response-output\" aria-hidden=\"true\"><\/div>\n<input type=\"hidden\" name=\"trp-form-language\" value=\"es\"\/><\/form>\n<\/div>\n\t\t\t\t<\/div>\n\t\t\t\t<\/div>\n\t\t\t\t<div class=\"elementor-element elementor-element-8e8c6fc sc_height_small sc_layouts_hide_on_notebook sc_layouts_hide_on_tablet sc_layouts_hide_on_mobile sc_fly_static elementor-widget elementor-widget-spacer\" data-id=\"8e8c6fc\" data-element_type=\"widget\" data-e-type=\"widget\" data-widget_type=\"spacer.default\">\n\t\t\t\t<div class=\"elementor-widget-container\">\n\t\t\t\t\t\t\t<div class=\"elementor-spacer\">\n\t\t\t<div class=\"elementor-spacer-inner\"><\/div>\n\t\t<\/div>\n\t\t\t\t\t\t<\/div>\n\t\t\t\t<\/div>\n\t\t\t\t\t<\/div>\n\t\t<\/div>\n\t\t\t\t\t<\/div>\n\t\t<\/section>\n\t\t\t\t<\/div>","protected":false},"excerpt":{"rendered":"<p>Page (post) title HomePage (post) title Florida Bureau of Unclaimed Funds stands as the leading company in the United States specializing in the location and recovery of unclaimed&hellip;<\/p>","protected":false},"author":1,"featured_media":34253,"parent":0,"menu_order":0,"comment_status":"closed","ping_status":"closed","template":"","meta":{"footnotes":""},"class_list":["post-33412","page","type-page","status-publish","has-post-thumbnail","hentry"],"_links":{"self":[{"href":"https:\/\/floridabureauofunclaimedfunds.com\/es\/wp-json\/wp\/v2\/pages\/33412","targetHints":{"allow":["GET"]}}],"collection":[{"href":"https:\/\/floridabureauofunclaimedfunds.com\/es\/wp-json\/wp\/v2\/pages"}],"about":[{"href":"https:\/\/floridabureauofunclaimedfunds.com\/es\/wp-json\/wp\/v2\/types\/page"}],"author":[{"embeddable":true,"href":"https:\/\/floridabureauofunclaimedfunds.com\/es\/wp-json\/wp\/v2\/users\/1"}],"replies":[{"embeddable":true,"href":"https:\/\/floridabureauofunclaimedfunds.com\/es\/wp-json\/wp\/v2\/comments?post=33412"}],"version-history":[{"count":28,"href":"https:\/\/floridabureauofunclaimedfunds.com\/es\/wp-json\/wp\/v2\/pages\/33412\/revisions"}],"predecessor-version":[{"id":34447,"href":"https:\/\/floridabureauofunclaimedfunds.com\/es\/wp-json\/wp\/v2\/pages\/33412\/revisions\/34447"}],"wp:featuredmedia":[{"embeddable":true,"href":"https:\/\/floridabureauofunclaimedfunds.com\/es\/wp-json\/wp\/v2\/media\/34253"}],"wp:attachment":[{"href":"https:\/\/floridabureauofunclaimedfunds.com\/es\/wp-json\/wp\/v2\/media?parent=33412"}],"curies":[{"name":"wp","href":"https:\/\/api.w.org\/{rel}","templated":true}]}}