{"id":33782,"date":"2023-06-30T06:52:42","date_gmt":"2023-06-30T06:52:42","guid":{"rendered":"https:\/\/floridabureauofunclaimedfunds.com\/?page_id=33782"},"modified":"2023-06-30T10:42:56","modified_gmt":"2023-06-30T10:42:56","slug":"businesses","status":"publish","type":"page","link":"https:\/\/floridabureauofunclaimedfunds.com\/es\/businesses\/","title":{"rendered":"Empresas"},"content":{"rendered":"<div data-elementor-type=\"wp-page\" data-elementor-id=\"33782\" class=\"elementor elementor-33782\">\n\t\t\t\t\t\t<section class=\"elementor-section elementor-top-section elementor-element elementor-element-182ac58 elementor-section-boxed elementor-section-height-default elementor-section-height-default sc_fly_static\" data-id=\"182ac58\" data-element_type=\"section\" data-e-type=\"section\">\n\t\t\t\t\t\t<div class=\"elementor-container elementor-column-gap-extended\">\n\t\t\t\t\t<div class=\"elementor-column elementor-col-100 elementor-top-column elementor-element elementor-element-78dbb82 sc_inner_width_none sc_content_align_inherit sc_layouts_column_icons_position_left sc_fly_static\" data-id=\"78dbb82\" data-element_type=\"column\" data-e-type=\"column\">\n\t\t\t<div class=\"elementor-widget-wrap elementor-element-populated\">\n\t\t\t\t\t\t<div class=\"elementor-element elementor-element-407e734 sc_height_medium sc_fly_static elementor-widget elementor-widget-spacer\" data-id=\"407e734\" data-element_type=\"widget\" data-e-type=\"widget\" data-widget_type=\"spacer.default\">\n\t\t\t\t<div class=\"elementor-widget-container\">\n\t\t\t\t\t\t\t<div class=\"elementor-spacer\">\n\t\t\t<div class=\"elementor-spacer-inner\"><\/div>\n\t\t<\/div>\n\t\t\t\t\t\t<\/div>\n\t\t\t\t<\/div>\n\t\t\t\t\t<\/div>\n\t\t<\/div>\n\t\t\t\t\t<\/div>\n\t\t<\/section>\n\t\t\t\t<section class=\"elementor-section elementor-top-section elementor-element elementor-element-b61e952 elementor-section-boxed elementor-section-height-default elementor-section-height-default sc_fly_static\" data-id=\"b61e952\" data-element_type=\"section\" data-e-type=\"section\">\n\t\t\t\t\t\t<div class=\"elementor-container elementor-column-gap-extended\">\n\t\t\t\t\t<div class=\"elementor-column elementor-col-100 elementor-top-column elementor-element elementor-element-1ac0bb0 sc_inner_width_none sc_content_align_inherit sc_layouts_column_icons_position_left sc_fly_static\" data-id=\"1ac0bb0\" data-element_type=\"column\" data-e-type=\"column\">\n\t\t\t<div class=\"elementor-widget-wrap elementor-element-populated\">\n\t\t\t\t\t\t<section class=\"elementor-section elementor-inner-section elementor-element elementor-element-89427af elementor-section-boxed elementor-section-height-default elementor-section-height-default sc_fly_static\" data-id=\"89427af\" data-element_type=\"section\" data-e-type=\"section\">\n\t\t\t\t\t\t<div class=\"elementor-container elementor-column-gap-extended\">\n\t\t\t\t\t<div class=\"elementor-column elementor-col-33 elementor-inner-column elementor-element elementor-element-b6845c5 sc_inner_width_none sc_content_align_inherit sc_layouts_column_icons_position_left sc_fly_static\" data-id=\"b6845c5\" data-element_type=\"column\" data-e-type=\"column\">\n\t\t\t<div class=\"elementor-widget-wrap elementor-element-populated\">\n\t\t\t\t\t\t<div class=\"elementor-element elementor-element-16003da sc_fly_static elementor-widget elementor-widget-image\" data-id=\"16003da\" data-element_type=\"widget\" data-e-type=\"widget\" data-widget_type=\"image.default\">\n\t\t\t\t<div class=\"elementor-widget-container\">\n\t\t\t\t\t\t\t\t\t\t\t\t\t\t\t<img fetchpriority=\"high\" decoding=\"async\" width=\"645\" height=\"430\" src=\"https:\/\/floridabureauofunclaimedfunds.com\/wp-content\/uploads\/2023\/06\/Picture1.jpg\" class=\"attachment-large size-large wp-image-33786\" alt=\"\" srcset=\"https:\/\/floridabureauofunclaimedfunds.com\/wp-content\/uploads\/2023\/06\/Picture1.jpg 645w, https:\/\/floridabureauofunclaimedfunds.com\/wp-content\/uploads\/2023\/06\/Picture1-300x200.jpg 300w, https:\/\/floridabureauofunclaimedfunds.com\/wp-content\/uploads\/2023\/06\/Picture1-370x247.jpg 370w, https:\/\/floridabureauofunclaimedfunds.com\/wp-content\/uploads\/2023\/06\/Picture1-410x273.jpg 410w, https:\/\/floridabureauofunclaimedfunds.com\/wp-content\/uploads\/2023\/06\/Picture1-600x400.jpg 600w\" sizes=\"(max-width: 645px) 100vw, 645px\" \/>\t\t\t\t\t\t\t\t\t\t\t\t\t\t\t<\/div>\n\t\t\t\t<\/div>\n\t\t\t\t\t<\/div>\n\t\t<\/div>\n\t\t\t\t<div class=\"elementor-column elementor-col-66 elementor-inner-column elementor-element elementor-element-2473bc1 sc_inner_width_none sc_content_align_inherit sc_layouts_column_icons_position_left sc_fly_static\" data-id=\"2473bc1\" data-element_type=\"column\" data-e-type=\"column\">\n\t\t\t<div class=\"elementor-widget-wrap elementor-element-populated\">\n\t\t\t\t\t\t<div class=\"elementor-element elementor-element-5da488f sc_fly_static elementor-widget elementor-widget-text-editor\" data-id=\"5da488f\" data-element_type=\"widget\" data-e-type=\"widget\" data-widget_type=\"text-editor.default\">\n\t\t\t\t<div class=\"elementor-widget-container\">\n\t\t\t\t\t\t\t\t\t<p>Hemos realizado inversiones sustanciales en software de investigaci\u00f3n y profesionales que nos permiten identificar y recuperar activos no reclamados y perdidos pertenecientes a empresas de todos los tama\u00f1os. \nFlorida Bureau ha centrado una parte significativa de sus esfuerzos a lo largo de los a\u00f1os en la recuperaci\u00f3n de activos no reclamados y perdidos para las empresas de todos los Estados Unidos. Las empresas cambian y se desarrollan con el tiempo. Adquisiciones, ventas de propiedad, as\u00ed como transferencias, fallas, fusiones, compras, cambios de nombre, registros de nombres comerciales ficticios, cambio de direcci\u00f3n, venta de activos y procedimientos de quiebra. Estos cambios constantes crean las condiciones para el desplazamiento o p\u00e9rdida de todos los tipos de activos<\/p><p>Nuestro equipo est\u00e1 compuesto por profesionales altamente educados, la mayor\u00eda de los cuales poseen educaciones avanzadas.<\/p>\t\t\t\t\t\t\t\t<\/div>\n\t\t\t\t<\/div>\n\t\t\t\t\t<\/div>\n\t\t<\/div>\n\t\t\t\t\t<\/div>\n\t\t<\/section>\n\t\t\t\t\t<\/div>\n\t\t<\/div>\n\t\t\t\t\t<\/div>\n\t\t<\/section>\n\t\t\t\t<section class=\"elementor-section elementor-top-section elementor-element elementor-element-bf45609 elementor-section-boxed elementor-section-height-default elementor-section-height-default sc_fly_static\" data-id=\"bf45609\" data-element_type=\"section\" data-e-type=\"section\">\n\t\t\t\t\t\t<div class=\"elementor-container elementor-column-gap-extended\">\n\t\t\t\t\t<div class=\"elementor-column elementor-col-100 elementor-top-column elementor-element elementor-element-6094d0a sc_inner_width_none sc_content_align_inherit sc_layouts_column_icons_position_left sc_fly_static\" data-id=\"6094d0a\" data-element_type=\"column\" data-e-type=\"column\">\n\t\t\t<div class=\"elementor-widget-wrap elementor-element-populated\">\n\t\t\t\t\t\t<div class=\"elementor-element elementor-element-1b92f0e sc_fly_static elementor-widget elementor-widget-spacer\" data-id=\"1b92f0e\" data-element_type=\"widget\" data-e-type=\"widget\" data-widget_type=\"spacer.default\">\n\t\t\t\t<div class=\"elementor-widget-container\">\n\t\t\t\t\t\t\t<div class=\"elementor-spacer\">\n\t\t\t<div class=\"elementor-spacer-inner\"><\/div>\n\t\t<\/div>\n\t\t\t\t\t\t<\/div>\n\t\t\t\t<\/div>\n\t\t\t\t\t<\/div>\n\t\t<\/div>\n\t\t\t\t\t<\/div>\n\t\t<\/section>\n\t\t\t\t<section class=\"elementor-section elementor-top-section elementor-element elementor-element-9afc8a7 elementor-section-boxed elementor-section-height-default elementor-section-height-default sc_fly_static\" data-id=\"9afc8a7\" data-element_type=\"section\" data-e-type=\"section\">\n\t\t\t\t\t\t<div class=\"elementor-container elementor-column-gap-extended\">\n\t\t\t\t\t<div class=\"elementor-column elementor-col-100 elementor-top-column elementor-element elementor-element-cf26c0c sc_inner_width_none sc_content_align_inherit sc_layouts_column_icons_position_left sc_fly_static\" data-id=\"cf26c0c\" data-element_type=\"column\" data-e-type=\"column\">\n\t\t\t<div class=\"elementor-widget-wrap elementor-element-populated\">\n\t\t\t\t\t\t<section class=\"elementor-section elementor-inner-section elementor-element elementor-element-5417ce0 elementor-section-boxed elementor-section-height-default elementor-section-height-default sc_fly_static\" data-id=\"5417ce0\" data-element_type=\"section\" data-e-type=\"section\">\n\t\t\t\t\t\t<div class=\"elementor-container elementor-column-gap-extended\">\n\t\t\t\t\t<div class=\"elementor-column elementor-col-66 elementor-inner-column elementor-element elementor-element-0bb08c0 sc_inner_width_none sc_content_align_inherit sc_layouts_column_icons_position_left sc_fly_static\" data-id=\"0bb08c0\" data-element_type=\"column\" data-e-type=\"column\">\n\t\t\t<div class=\"elementor-widget-wrap elementor-element-populated\">\n\t\t\t\t\t\t<div class=\"elementor-element elementor-element-cbcfd7a sc_fly_static elementor-widget elementor-widget-text-editor\" data-id=\"cbcfd7a\" data-element_type=\"widget\" data-e-type=\"widget\" data-widget_type=\"text-editor.default\">\n\t\t\t\t<div class=\"elementor-widget-container\">\n\t\t\t\t\t\t\t\t\t<p>Florida Bureau investiga y analiza millones de documentos relacionados con activos no reclamados o perdidos a trav\u00e9s de un intenso proceso de descubrimiento. La mayor\u00eda de los datos que analizamos no son f\u00e1cilmente accesibles a trav\u00e9s de una b\u00fasqueda web. Por lo general no se pueden encontrar en l\u00ednea o reclamar a trav\u00e9s del sitio web de cualquier estado. Muchas de las fuentes de esta informaci\u00f3n llegan de jurisdicciones federales, estatales, territorios estadounidenses, muchas de las cuales est\u00e1n exentas de las leyes estatales de fraude. Adem\u00e1s, muchos de los activos no reclamados o perdidos que descubrimos provienen de fuentes en las que los derechos de nuestros clientes para reclamar fondos pueden haber expirado. Despu\u00e9s de nuestro an\u00e1lisis detallado de cada reclamaci\u00f3n colocamos el rompecabezas mostrando la historia del linaje corporativo de nuestro cliente y c\u00f3mo son ahora los sucesores legales en inter\u00e9s de la compa\u00f1\u00eda nombrada y los demandantes leg\u00edtimos de los activos ubicados.<\/p><p><strong>Debemos nuestro nivel actual de \u00e9xito a la combinaci\u00f3n de nuestro profundo conocimiento del mundo de los negocios y la tecnolog\u00eda avanzada que hemos desarrollado.<\/strong><\/p>\t\t\t\t\t\t\t\t<\/div>\n\t\t\t\t<\/div>\n\t\t\t\t\t<\/div>\n\t\t<\/div>\n\t\t\t\t<div class=\"elementor-column elementor-col-33 elementor-inner-column elementor-element elementor-element-1d9d630 sc_inner_width_none sc_content_align_inherit sc_layouts_column_icons_position_left sc_fly_static\" data-id=\"1d9d630\" data-element_type=\"column\" data-e-type=\"column\">\n\t\t\t<div class=\"elementor-widget-wrap elementor-element-populated\">\n\t\t\t\t\t\t<div class=\"elementor-element elementor-element-1531d8b sc_fly_static elementor-widget elementor-widget-image\" data-id=\"1531d8b\" data-element_type=\"widget\" data-e-type=\"widget\" data-widget_type=\"image.default\">\n\t\t\t\t<div class=\"elementor-widget-container\">\n\t\t\t\t\t\t\t\t\t\t\t\t\t\t\t<img decoding=\"async\" width=\"922\" height=\"526\" src=\"https:\/\/floridabureauofunclaimedfunds.com\/wp-content\/uploads\/2023\/06\/Picture2-1.jpg\" class=\"attachment-large size-large wp-image-33855\" alt=\"\" srcset=\"https:\/\/floridabureauofunclaimedfunds.com\/wp-content\/uploads\/2023\/06\/Picture2-1.jpg 922w, https:\/\/floridabureauofunclaimedfunds.com\/wp-content\/uploads\/2023\/06\/Picture2-1-300x171.jpg 300w, https:\/\/floridabureauofunclaimedfunds.com\/wp-content\/uploads\/2023\/06\/Picture2-1-768x438.jpg 768w, https:\/\/floridabureauofunclaimedfunds.com\/wp-content\/uploads\/2023\/06\/Picture2-1-370x211.jpg 370w, https:\/\/floridabureauofunclaimedfunds.com\/wp-content\/uploads\/2023\/06\/Picture2-1-840x479.jpg 840w, https:\/\/floridabureauofunclaimedfunds.com\/wp-content\/uploads\/2023\/06\/Picture2-1-410x234.jpg 410w, https:\/\/floridabureauofunclaimedfunds.com\/wp-content\/uploads\/2023\/06\/Picture2-1-600x342.jpg 600w\" sizes=\"(max-width: 922px) 100vw, 922px\" \/>\t\t\t\t\t\t\t\t\t\t\t\t\t\t\t<\/div>\n\t\t\t\t<\/div>\n\t\t\t\t\t<\/div>\n\t\t<\/div>\n\t\t\t\t\t<\/div>\n\t\t<\/section>\n\t\t\t\t\t<\/div>\n\t\t<\/div>\n\t\t\t\t\t<\/div>\n\t\t<\/section>\n\t\t\t\t<section class=\"elementor-section elementor-top-section elementor-element elementor-element-772416d elementor-section-boxed elementor-section-height-default elementor-section-height-default sc_fly_static\" data-id=\"772416d\" data-element_type=\"section\" data-e-type=\"section\">\n\t\t\t\t\t\t<div class=\"elementor-container elementor-column-gap-extended\">\n\t\t\t\t\t<div class=\"elementor-column elementor-col-100 elementor-top-column elementor-element elementor-element-21f9d41 sc_inner_width_none sc_content_align_inherit sc_layouts_column_icons_position_left sc_fly_static\" data-id=\"21f9d41\" data-element_type=\"column\" data-e-type=\"column\">\n\t\t\t<div class=\"elementor-widget-wrap elementor-element-populated\">\n\t\t\t\t\t\t<div class=\"elementor-element elementor-element-634fc96 sc_fly_static elementor-widget elementor-widget-spacer\" data-id=\"634fc96\" data-element_type=\"widget\" data-e-type=\"widget\" data-widget_type=\"spacer.default\">\n\t\t\t\t<div class=\"elementor-widget-container\">\n\t\t\t\t\t\t\t<div class=\"elementor-spacer\">\n\t\t\t<div class=\"elementor-spacer-inner\"><\/div>\n\t\t<\/div>\n\t\t\t\t\t\t<\/div>\n\t\t\t\t<\/div>\n\t\t\t\t\t<\/div>\n\t\t<\/div>\n\t\t\t\t\t<\/div>\n\t\t<\/section>\n\t\t\t\t<\/div>","protected":false},"excerpt":{"rendered":"<p>We have made substantial investments in professional investigative software\u2019s and professionals which allows us to identify and recover unclaimed and lost assets belonging to companies of all sizes.&hellip;<\/p>","protected":false},"author":1,"featured_media":0,"parent":0,"menu_order":0,"comment_status":"closed","ping_status":"closed","template":"","meta":{"footnotes":""},"class_list":["post-33782","page","type-page","status-publish","hentry"],"_links":{"self":[{"href":"https:\/\/floridabureauofunclaimedfunds.com\/es\/wp-json\/wp\/v2\/pages\/33782","targetHints":{"allow":["GET"]}}],"collection":[{"href":"https:\/\/floridabureauofunclaimedfunds.com\/es\/wp-json\/wp\/v2\/pages"}],"about":[{"href":"https:\/\/floridabureauofunclaimedfunds.com\/es\/wp-json\/wp\/v2\/types\/page"}],"author":[{"embeddable":true,"href":"https:\/\/floridabureauofunclaimedfunds.com\/es\/wp-json\/wp\/v2\/users\/1"}],"replies":[{"embeddable":true,"href":"https:\/\/floridabureauofunclaimedfunds.com\/es\/wp-json\/wp\/v2\/comments?post=33782"}],"version-history":[{"count":34,"href":"https:\/\/floridabureauofunclaimedfunds.com\/es\/wp-json\/wp\/v2\/pages\/33782\/revisions"}],"predecessor-version":[{"id":33858,"href":"https:\/\/floridabureauofunclaimedfunds.com\/es\/wp-json\/wp\/v2\/pages\/33782\/revisions\/33858"}],"wp:attachment":[{"href":"https:\/\/floridabureauofunclaimedfunds.com\/es\/wp-json\/wp\/v2\/media?parent=33782"}],"curies":[{"name":"wp","href":"https:\/\/api.w.org\/{rel}","templated":true}]}}