{"id":33783,"date":"2023-06-30T07:17:54","date_gmt":"2023-06-30T07:17:54","guid":{"rendered":"https:\/\/floridabureauofunclaimedfunds.com\/?page_id=33783"},"modified":"2023-06-30T07:37:13","modified_gmt":"2023-06-30T07:37:13","slug":"financial-institutions","status":"publish","type":"page","link":"https:\/\/floridabureauofunclaimedfunds.com\/es\/financial-institutions\/","title":{"rendered":"Entidades financieras:"},"content":{"rendered":"<div data-elementor-type=\"wp-page\" data-elementor-id=\"33783\" class=\"elementor elementor-33783\">\n\t\t\t\t\t\t<section class=\"elementor-section elementor-top-section elementor-element elementor-element-049c7c4 elementor-section-boxed elementor-section-height-default elementor-section-height-default sc_fly_static\" data-id=\"049c7c4\" data-element_type=\"section\" data-e-type=\"section\">\n\t\t\t\t\t\t<div class=\"elementor-container elementor-column-gap-extended\">\n\t\t\t\t\t<div class=\"elementor-column elementor-col-100 elementor-top-column elementor-element elementor-element-901f9e9 sc_inner_width_none sc_content_align_inherit sc_layouts_column_icons_position_left sc_fly_static\" data-id=\"901f9e9\" data-element_type=\"column\" data-e-type=\"column\">\n\t\t\t<div class=\"elementor-widget-wrap elementor-element-populated\">\n\t\t\t\t\t\t<div class=\"elementor-element elementor-element-491276e sc_fly_static elementor-widget elementor-widget-spacer\" data-id=\"491276e\" data-element_type=\"widget\" data-e-type=\"widget\" data-widget_type=\"spacer.default\">\n\t\t\t\t<div class=\"elementor-widget-container\">\n\t\t\t\t\t\t\t<div class=\"elementor-spacer\">\n\t\t\t<div class=\"elementor-spacer-inner\"><\/div>\n\t\t<\/div>\n\t\t\t\t\t\t<\/div>\n\t\t\t\t<\/div>\n\t\t\t\t<section class=\"elementor-section elementor-inner-section elementor-element elementor-element-a8ab539 elementor-section-boxed elementor-section-height-default elementor-section-height-default sc_fly_static\" data-id=\"a8ab539\" data-element_type=\"section\" data-e-type=\"section\">\n\t\t\t\t\t\t<div class=\"elementor-container elementor-column-gap-extended\">\n\t\t\t\t\t<div class=\"elementor-column elementor-col-33 elementor-inner-column elementor-element elementor-element-712cc60 sc_inner_width_none sc_content_align_inherit sc_layouts_column_icons_position_left sc_fly_static\" data-id=\"712cc60\" data-element_type=\"column\" data-e-type=\"column\">\n\t\t\t<div class=\"elementor-widget-wrap elementor-element-populated\">\n\t\t\t\t\t\t<div class=\"elementor-element elementor-element-2c0f068 sc_fly_static elementor-widget elementor-widget-image\" data-id=\"2c0f068\" data-element_type=\"widget\" data-e-type=\"widget\" data-widget_type=\"image.default\">\n\t\t\t\t<div class=\"elementor-widget-container\">\n\t\t\t\t\t\t\t\t\t\t\t\t\t\t\t<img fetchpriority=\"high\" decoding=\"async\" width=\"547\" height=\"425\" src=\"https:\/\/floridabureauofunclaimedfunds.com\/wp-content\/uploads\/2023\/06\/Picture1-1.jpg\" class=\"attachment-large size-large wp-image-33812\" alt=\"\" srcset=\"https:\/\/floridabureauofunclaimedfunds.com\/wp-content\/uploads\/2023\/06\/Picture1-1.jpg 547w, https:\/\/floridabureauofunclaimedfunds.com\/wp-content\/uploads\/2023\/06\/Picture1-1-300x233.jpg 300w, https:\/\/floridabureauofunclaimedfunds.com\/wp-content\/uploads\/2023\/06\/Picture1-1-370x287.jpg 370w, https:\/\/floridabureauofunclaimedfunds.com\/wp-content\/uploads\/2023\/06\/Picture1-1-410x319.jpg 410w\" sizes=\"(max-width: 600px) 100vw, 547px\" \/>\t\t\t\t\t\t\t\t\t\t\t\t\t\t\t<\/div>\n\t\t\t\t<\/div>\n\t\t\t\t\t<\/div>\n\t\t<\/div>\n\t\t\t\t<div class=\"elementor-column elementor-col-66 elementor-inner-column elementor-element elementor-element-af11d5e sc_inner_width_none sc_content_align_inherit sc_layouts_column_icons_position_left sc_fly_static\" data-id=\"af11d5e\" data-element_type=\"column\" data-e-type=\"column\">\n\t\t\t<div class=\"elementor-widget-wrap elementor-element-populated\">\n\t\t\t\t\t\t<div class=\"elementor-element elementor-element-8286c05 sc_fly_static elementor-widget elementor-widget-text-editor\" data-id=\"8286c05\" data-element_type=\"widget\" data-e-type=\"widget\" data-widget_type=\"text-editor.default\">\n\t\t\t\t<div class=\"elementor-widget-container\">\n\t\t\t\t\t\t\t\t\t<p>En Florida Bureau hemos invertido mucho tiempo y esfuerzo en estudiar la evoluci\u00f3n de nuestros mercados financieros debido a la perspectiva \u00fanica que nos ha dado. Hemos estado manteniendo registros de c\u00f3mo los mercados financieros en constante cambio han conducido a adquisiciones, ventas de propiedad, as\u00ed como transferencias, fallas, fusiones, compras, cambios de nombre, registros ficticios de nombres comerciales, cambios en direcciones, venta de activos y procedimientos de quiebra. Estos cambios constantes crean las condiciones para el desplazamiento o p\u00e9rdida de todos los tipos de activos.<\/p><p>Florida Bureau of Unclaimed Funds emplea un procedimiento meticuloso para investigar y evaluar innumerables documentos relacionados con activos no reclamados y perdidos en una base constante. Nuestro an\u00e1lisis depende en gran medida de la informaci\u00f3n que no se puede encontrar en Google o obtener sin extensa investigaci\u00f3n, networking y a\u00f1os de experiencia en el campo. Para nuestros clientes, examinamos muchas bases de datos p\u00fablicas y privadas de todo el mundo. Con el fin de demostrar el derecho de nuestro cliente al activo, realizamos an\u00e1lisis en profundidad de cada reclamaci\u00f3n que encontramos en su nombre, resolviendo las dificultades que a menudo acompa\u00f1an las reclamaciones presentadas en nombre de los prestamistas.<\/p>\t\t\t\t\t\t\t\t<\/div>\n\t\t\t\t<\/div>\n\t\t\t\t\t<\/div>\n\t\t<\/div>\n\t\t\t\t\t<\/div>\n\t\t<\/section>\n\t\t\t\t\t<\/div>\n\t\t<\/div>\n\t\t\t\t\t<\/div>\n\t\t<\/section>\n\t\t\t\t<section class=\"elementor-section elementor-top-section elementor-element elementor-element-f0ade2c elementor-section-boxed elementor-section-height-default elementor-section-height-default sc_fly_static\" data-id=\"f0ade2c\" data-element_type=\"section\" data-e-type=\"section\">\n\t\t\t\t\t\t<div class=\"elementor-container elementor-column-gap-extended\">\n\t\t\t\t\t<div class=\"elementor-column elementor-col-100 elementor-top-column elementor-element elementor-element-d330a18 sc_inner_width_none sc_content_align_inherit sc_layouts_column_icons_position_left sc_fly_static\" data-id=\"d330a18\" data-element_type=\"column\" data-e-type=\"column\">\n\t\t\t<div class=\"elementor-widget-wrap elementor-element-populated\">\n\t\t\t\t\t\t<div class=\"elementor-element elementor-element-bf126b8 sc_fly_static elementor-widget elementor-widget-spacer\" data-id=\"bf126b8\" data-element_type=\"widget\" data-e-type=\"widget\" data-widget_type=\"spacer.default\">\n\t\t\t\t<div class=\"elementor-widget-container\">\n\t\t\t\t\t\t\t<div class=\"elementor-spacer\">\n\t\t\t<div class=\"elementor-spacer-inner\"><\/div>\n\t\t<\/div>\n\t\t\t\t\t\t<\/div>\n\t\t\t\t<\/div>\n\t\t\t\t\t<\/div>\n\t\t<\/div>\n\t\t\t\t\t<\/div>\n\t\t<\/section>\n\t\t\t\t<section class=\"elementor-section elementor-top-section elementor-element elementor-element-a1ba5e7 elementor-section-boxed elementor-section-height-default elementor-section-height-default sc_fly_static\" data-id=\"a1ba5e7\" data-element_type=\"section\" data-e-type=\"section\">\n\t\t\t\t\t\t<div class=\"elementor-container elementor-column-gap-extended\">\n\t\t\t\t\t<div class=\"elementor-column elementor-col-100 elementor-top-column elementor-element elementor-element-fe8ff5e sc_inner_width_none sc_content_align_inherit sc_layouts_column_icons_position_left sc_fly_static\" data-id=\"fe8ff5e\" data-element_type=\"column\" data-e-type=\"column\">\n\t\t\t<div class=\"elementor-widget-wrap elementor-element-populated\">\n\t\t\t\t\t\t<div class=\"elementor-element elementor-element-4726736 sc_fly_static elementor-widget elementor-widget-text-editor\" data-id=\"4726736\" data-element_type=\"widget\" data-e-type=\"widget\" data-widget_type=\"text-editor.default\">\n\t\t\t\t<div class=\"elementor-widget-container\">\n\t\t\t\t\t\t\t\t\t<p><strong>Por estas y muchas otras razones, nuestros clientes han llegado a depender de Florida Bureau como su recurso para recuperar activos no reclamados o perdidos.<\/strong><\/p>\t\t\t\t\t\t\t\t<\/div>\n\t\t\t\t<\/div>\n\t\t\t\t\t<\/div>\n\t\t<\/div>\n\t\t\t\t\t<\/div>\n\t\t<\/section>\n\t\t\t\t<section class=\"elementor-section elementor-top-section elementor-element elementor-element-4870b83 elementor-section-boxed elementor-section-height-default elementor-section-height-default sc_fly_static\" data-id=\"4870b83\" data-element_type=\"section\" data-e-type=\"section\">\n\t\t\t\t\t\t<div class=\"elementor-container elementor-column-gap-extended\">\n\t\t\t\t\t<div class=\"elementor-column elementor-col-100 elementor-top-column elementor-element elementor-element-1a67e5c sc_inner_width_none sc_content_align_inherit sc_layouts_column_icons_position_left sc_fly_static\" data-id=\"1a67e5c\" data-element_type=\"column\" data-e-type=\"column\">\n\t\t\t<div class=\"elementor-widget-wrap elementor-element-populated\">\n\t\t\t\t\t\t<div class=\"elementor-element elementor-element-c377091 sc_fly_static elementor-widget elementor-widget-spacer\" data-id=\"c377091\" data-element_type=\"widget\" data-e-type=\"widget\" data-widget_type=\"spacer.default\">\n\t\t\t\t<div class=\"elementor-widget-container\">\n\t\t\t\t\t\t\t<div class=\"elementor-spacer\">\n\t\t\t<div class=\"elementor-spacer-inner\"><\/div>\n\t\t<\/div>\n\t\t\t\t\t\t<\/div>\n\t\t\t\t<\/div>\n\t\t\t\t\t<\/div>\n\t\t<\/div>\n\t\t\t\t\t<\/div>\n\t\t<\/section>\n\t\t\t\t<\/div>","protected":false},"excerpt":{"rendered":"<p>We at Florida Bureau have put in a lot of time and effort studying the evolution of our financial markets because of the unique perspective it has given&hellip;<\/p>","protected":false},"author":1,"featured_media":0,"parent":0,"menu_order":0,"comment_status":"closed","ping_status":"closed","template":"","meta":{"footnotes":""},"class_list":["post-33783","page","type-page","status-publish","hentry"],"_links":{"self":[{"href":"https:\/\/floridabureauofunclaimedfunds.com\/es\/wp-json\/wp\/v2\/pages\/33783","targetHints":{"allow":["GET"]}}],"collection":[{"href":"https:\/\/floridabureauofunclaimedfunds.com\/es\/wp-json\/wp\/v2\/pages"}],"about":[{"href":"https:\/\/floridabureauofunclaimedfunds.com\/es\/wp-json\/wp\/v2\/types\/page"}],"author":[{"embeddable":true,"href":"https:\/\/floridabureauofunclaimedfunds.com\/es\/wp-json\/wp\/v2\/users\/1"}],"replies":[{"embeddable":true,"href":"https:\/\/floridabureauofunclaimedfunds.com\/es\/wp-json\/wp\/v2\/comments?post=33783"}],"version-history":[{"count":28,"href":"https:\/\/floridabureauofunclaimedfunds.com\/es\/wp-json\/wp\/v2\/pages\/33783\/revisions"}],"predecessor-version":[{"id":33848,"href":"https:\/\/floridabureauofunclaimedfunds.com\/es\/wp-json\/wp\/v2\/pages\/33783\/revisions\/33848"}],"wp:attachment":[{"href":"https:\/\/floridabureauofunclaimedfunds.com\/es\/wp-json\/wp\/v2\/media?parent=33783"}],"curies":[{"name":"wp","href":"https:\/\/api.w.org\/{rel}","templated":true}]}}