{"id":33933,"date":"2023-07-01T08:01:04","date_gmt":"2023-07-01T08:01:04","guid":{"rendered":"https:\/\/floridabureauofunclaimedfunds.com\/?page_id=33933"},"modified":"2023-07-10T11:28:33","modified_gmt":"2023-07-10T11:28:33","slug":"state-and-government","status":"publish","type":"page","link":"https:\/\/floridabureauofunclaimedfunds.com\/es\/state-and-government\/","title":{"rendered":"State and Government"},"content":{"rendered":"<div data-elementor-type=\"wp-page\" data-elementor-id=\"33933\" class=\"elementor elementor-33933\">\n\t\t\t\t\t\t<section class=\"elementor-section elementor-top-section elementor-element elementor-element-67e6ae95 sc_layouts_hide_on_wide sc_layouts_hide_on_desktop sc_layouts_hide_on_notebook sc_layouts_hide_on_tablet sc_layouts_hide_on_mobile elementor-section-boxed elementor-section-height-default elementor-section-height-default sc_fly_static\" data-id=\"67e6ae95\" data-element_type=\"section\" data-e-type=\"section\" data-settings=\"{&quot;background_background&quot;:&quot;classic&quot;}\">\n\t\t\t\t\t\t\t<div class=\"elementor-background-overlay\"><\/div>\n\t\t\t\t\t\t\t<div class=\"elementor-container elementor-column-gap-extended\">\n\t\t\t\t\t<div class=\"elementor-column elementor-col-100 elementor-top-column elementor-element elementor-element-2467c0bb sc_inner_width_none sc_content_align_inherit sc_layouts_column_icons_position_left sc_fly_static\" data-id=\"2467c0bb\" data-element_type=\"column\" data-e-type=\"column\">\n\t\t\t<div class=\"elementor-widget-wrap elementor-element-populated\">\n\t\t\t\t\t\t<section class=\"elementor-section elementor-inner-section elementor-element elementor-element-2018ea74 elementor-section-boxed elementor-section-height-default elementor-section-height-default sc_fly_static\" data-id=\"2018ea74\" data-element_type=\"section\" data-e-type=\"section\">\n\t\t\t\t\t\t<div class=\"elementor-container elementor-column-gap-extended\">\n\t\t\t\t\t<div class=\"elementor-column elementor-col-100 elementor-inner-column elementor-element elementor-element-74fc01a sc_inner_width_none sc_content_align_inherit sc_layouts_column_icons_position_left sc_fly_static\" data-id=\"74fc01a\" data-element_type=\"column\" data-e-type=\"column\">\n\t\t\t<div class=\"elementor-widget-wrap elementor-element-populated\">\n\t\t\t\t\t\t<div class=\"elementor-element elementor-element-73d63635 sc_fly_static elementor-widget elementor-widget-heading\" data-id=\"73d63635\" data-element_type=\"widget\" data-e-type=\"widget\" data-widget_type=\"heading.default\">\n\t\t\t\t<div class=\"elementor-widget-container\">\n\t\t\t\t\t<h5 class=\"elementor-heading-title elementor-size-default\">Florida Bureau of Unclaimed Funds is a professional lost and unclaimed asset location and\nrecovery firm specializing in connecting these assets with their rightful owners. We offer\nexpertise gained through more than 100 years of combined experience and a track record\nof recovering millions of dollars for numerous government agencies, businesses, and\nnonprofit organizations!\n<\/h5>\t\t\t\t<\/div>\n\t\t\t\t<\/div>\n\t\t\t\t\t<\/div>\n\t\t<\/div>\n\t\t\t\t\t<\/div>\n\t\t<\/section>\n\t\t\t\t\t<\/div>\n\t\t<\/div>\n\t\t\t\t\t<\/div>\n\t\t<\/section>\n\t\t\t\t<section class=\"elementor-section elementor-top-section elementor-element elementor-element-43839f19 elementor-section-boxed elementor-section-height-default elementor-section-height-default sc_fly_static\" data-id=\"43839f19\" data-element_type=\"section\" data-e-type=\"section\">\n\t\t\t\t\t\t<div class=\"elementor-container elementor-column-gap-extended\">\n\t\t\t\t\t<div class=\"elementor-column elementor-col-100 elementor-top-column elementor-element elementor-element-4303d54e sc_inner_width_none sc_content_align_inherit sc_layouts_column_icons_position_left sc_fly_static\" data-id=\"4303d54e\" data-element_type=\"column\" data-e-type=\"column\">\n\t\t\t<div class=\"elementor-widget-wrap elementor-element-populated\">\n\t\t\t\t\t\t<section class=\"elementor-section elementor-inner-section elementor-element elementor-element-3a2fc69 elementor-section-boxed elementor-section-height-default elementor-section-height-default sc_fly_static\" data-id=\"3a2fc69\" data-element_type=\"section\" data-e-type=\"section\">\n\t\t\t\t\t\t<div class=\"elementor-container elementor-column-gap-extended\">\n\t\t\t\t\t<div class=\"elementor-column elementor-col-50 elementor-inner-column elementor-element elementor-element-c8019ee sc_inner_width_none sc_content_align_inherit sc_layouts_column_icons_position_left sc_fly_static\" data-id=\"c8019ee\" data-element_type=\"column\" data-e-type=\"column\">\n\t\t\t<div class=\"elementor-widget-wrap elementor-element-populated\">\n\t\t\t\t\t\t<div class=\"elementor-element elementor-element-be3290c sc_fly_static elementor-widget elementor-widget-image\" data-id=\"be3290c\" data-element_type=\"widget\" data-e-type=\"widget\" data-widget_type=\"image.default\">\n\t\t\t\t<div class=\"elementor-widget-container\">\n\t\t\t\t\t\t\t\t\t\t\t\t\t\t\t<img fetchpriority=\"high\" decoding=\"async\" width=\"515\" height=\"387\" src=\"https:\/\/floridabureauofunclaimedfunds.com\/wp-content\/uploads\/2023\/07\/img17.jpg\" class=\"attachment-full size-full wp-image-33937\" alt=\"\" srcset=\"https:\/\/floridabureauofunclaimedfunds.com\/wp-content\/uploads\/2023\/07\/img17.jpg 515w, https:\/\/floridabureauofunclaimedfunds.com\/wp-content\/uploads\/2023\/07\/img17-300x225.jpg 300w, https:\/\/floridabureauofunclaimedfunds.com\/wp-content\/uploads\/2023\/07\/img17-370x278.jpg 370w, https:\/\/floridabureauofunclaimedfunds.com\/wp-content\/uploads\/2023\/07\/img17-410x308.jpg 410w\" sizes=\"(max-width: 600px) 100vw, 515px\" \/>\t\t\t\t\t\t\t\t\t\t\t\t\t\t\t<\/div>\n\t\t\t\t<\/div>\n\t\t\t\t\t<\/div>\n\t\t<\/div>\n\t\t\t\t<div class=\"elementor-column elementor-col-50 elementor-inner-column elementor-element elementor-element-621d14b sc_inner_width_none sc_content_align_inherit sc_layouts_column_icons_position_left sc_fly_static\" data-id=\"621d14b\" data-element_type=\"column\" data-e-type=\"column\">\n\t\t\t<div class=\"elementor-widget-wrap elementor-element-populated\">\n\t\t\t\t\t\t<div class=\"elementor-element elementor-element-44bef1e5 sc_fly_static elementor-widget elementor-widget-text-editor\" data-id=\"44bef1e5\" data-element_type=\"widget\" data-e-type=\"widget\" data-widget_type=\"text-editor.default\">\n\t\t\t\t<div class=\"elementor-widget-container\">\n\t\t\t\t\t\t\t\t\tPor varias razones, varias agencias gubernamentales y estatales pueden tener, deber, heredar o heredar activos no reclamados o perdidos. Las agencias gubernamentales y estatales son como cualquier otro cliente. Pueden recibir un reembolso de un pago excesivo, un cheque perdido, un juicio, un acuerdo, o ser el heredero listado de la herencia de una persona fallecida. \u00a1Razones abundan!  Desafortunadamente, la mayor\u00eda de nuestros clientes no son conscientes de los activos no reclamados o perdidos que pueden reclamar.\t\t\t\t\t\t\t\t<\/div>\n\t\t\t\t<\/div>\n\t\t\t\t\t<\/div>\n\t\t<\/div>\n\t\t\t\t\t<\/div>\n\t\t<\/section>\n\t\t\t\t<div class=\"elementor-element elementor-element-3f965a6f sc_fly_static elementor-widget elementor-widget-heading\" data-id=\"3f965a6f\" data-element_type=\"widget\" data-e-type=\"widget\" data-widget_type=\"heading.default\">\n\t\t\t\t<div class=\"elementor-widget-container\">\n\t\t\t\t\t<h5 class=\"elementor-heading-title elementor-size-default\">\u00a1Los podemos ayudar! Analizamos cada reclamaci\u00f3n para establecer qui\u00e9n tiene derecho al dinero y luego invertimos tiempo, energ\u00eda y esfuerzo estudiando c\u00f3mo reclamar y devolver los fondos disponibles para reclamar.<\/h5>\t\t\t\t<\/div>\n\t\t\t\t<\/div>\n\t\t\t\t\t<\/div>\n\t\t<\/div>\n\t\t\t\t\t<\/div>\n\t\t<\/section>\n\t\t\t\t<\/div>","protected":false},"excerpt":{"rendered":"<p>Florida Bureau of Unclaimed Funds is a professional lost and unclaimed asset location and recovery firm specializing in connecting these assets with their rightful owners. We offer expertise&hellip;<\/p>","protected":false},"author":1,"featured_media":0,"parent":0,"menu_order":0,"comment_status":"closed","ping_status":"closed","template":"","meta":{"footnotes":""},"class_list":["post-33933","page","type-page","status-publish","hentry"],"_links":{"self":[{"href":"https:\/\/floridabureauofunclaimedfunds.com\/es\/wp-json\/wp\/v2\/pages\/33933","targetHints":{"allow":["GET"]}}],"collection":[{"href":"https:\/\/floridabureauofunclaimedfunds.com\/es\/wp-json\/wp\/v2\/pages"}],"about":[{"href":"https:\/\/floridabureauofunclaimedfunds.com\/es\/wp-json\/wp\/v2\/types\/page"}],"author":[{"embeddable":true,"href":"https:\/\/floridabureauofunclaimedfunds.com\/es\/wp-json\/wp\/v2\/users\/1"}],"replies":[{"embeddable":true,"href":"https:\/\/floridabureauofunclaimedfunds.com\/es\/wp-json\/wp\/v2\/comments?post=33933"}],"version-history":[{"count":13,"href":"https:\/\/floridabureauofunclaimedfunds.com\/es\/wp-json\/wp\/v2\/pages\/33933\/revisions"}],"predecessor-version":[{"id":34171,"href":"https:\/\/floridabureauofunclaimedfunds.com\/es\/wp-json\/wp\/v2\/pages\/33933\/revisions\/34171"}],"wp:attachment":[{"href":"https:\/\/floridabureauofunclaimedfunds.com\/es\/wp-json\/wp\/v2\/media?parent=33933"}],"curies":[{"name":"wp","href":"https:\/\/api.w.org\/{rel}","templated":true}]}}