{"id":33944,"date":"2023-07-01T08:49:43","date_gmt":"2023-07-01T08:49:43","guid":{"rendered":"https:\/\/floridabureauofunclaimedfunds.com\/?page_id=33944"},"modified":"2023-07-15T21:44:30","modified_gmt":"2023-07-15T21:44:30","slug":"tax-deed-foreclosure-surplus","status":"publish","type":"page","link":"https:\/\/floridabureauofunclaimedfunds.com\/es\/tax-deed-foreclosure-surplus\/","title":{"rendered":"Tax Deed &#038; Foreclosures"},"content":{"rendered":"<div data-elementor-type=\"wp-page\" data-elementor-id=\"33944\" class=\"elementor elementor-33944\">\n\t\t\t\t\t\t<section class=\"elementor-section elementor-top-section elementor-element elementor-element-b524036 elementor-section-boxed elementor-section-height-default elementor-section-height-default sc_fly_static\" data-id=\"b524036\" data-element_type=\"section\" data-e-type=\"section\" data-settings=\"{&quot;background_background&quot;:&quot;classic&quot;}\">\n\t\t\t\t\t\t\t<div class=\"elementor-background-overlay\"><\/div>\n\t\t\t\t\t\t\t<div class=\"elementor-container elementor-column-gap-extended\">\n\t\t\t\t\t<div class=\"elementor-column elementor-col-100 elementor-top-column elementor-element elementor-element-737bd6ea sc_inner_width_none sc_content_align_inherit sc_layouts_column_icons_position_left sc_fly_static\" data-id=\"737bd6ea\" data-element_type=\"column\" data-e-type=\"column\">\n\t\t\t<div class=\"elementor-widget-wrap elementor-element-populated\">\n\t\t\t\t\t\t<section class=\"elementor-section elementor-inner-section elementor-element elementor-element-7e6583bc elementor-section-boxed elementor-section-height-default elementor-section-height-default sc_fly_static\" data-id=\"7e6583bc\" data-element_type=\"section\" data-e-type=\"section\">\n\t\t\t\t\t\t<div class=\"elementor-container elementor-column-gap-extended\">\n\t\t\t\t\t<div class=\"elementor-column elementor-col-100 elementor-inner-column elementor-element elementor-element-5be84810 sc_inner_width_none sc_content_align_inherit sc_layouts_column_icons_position_left sc_fly_static\" data-id=\"5be84810\" data-element_type=\"column\" data-e-type=\"column\">\n\t\t\t<div class=\"elementor-widget-wrap elementor-element-populated\">\n\t\t\t\t\t\t<div class=\"elementor-element elementor-element-4ffbd017 sc_fly_static elementor-widget elementor-widget-heading\" data-id=\"4ffbd017\" data-element_type=\"widget\" data-e-type=\"widget\" data-widget_type=\"heading.default\">\n\t\t\t\t<div class=\"elementor-widget-container\">\n\t\t\t\t\t<h5 class=\"elementor-heading-title elementor-size-default\">Trabajamos con eficacia para evaluar los activos en cuesti\u00f3n y, a continuaci\u00f3n, nuestros expertos dise\u00f1an y ejecutan un plan estrat\u00e9gico adaptado a las complejidades \u00fanicas de cada situaci\u00f3n con vistas a comprender el \"qu\u00e9\", el \"qui\u00e9n\", el \"c\u00f3mo\" y el \"por qu\u00e9\".<\/h5>\t\t\t\t<\/div>\n\t\t\t\t<\/div>\n\t\t\t\t\t<\/div>\n\t\t<\/div>\n\t\t\t\t\t<\/div>\n\t\t<\/section>\n\t\t\t\t\t<\/div>\n\t\t<\/div>\n\t\t\t\t\t<\/div>\n\t\t<\/section>\n\t\t\t\t<section class=\"elementor-section elementor-top-section elementor-element elementor-element-17120f9a elementor-section-boxed elementor-section-height-default elementor-section-height-default sc_fly_static\" data-id=\"17120f9a\" data-element_type=\"section\" data-e-type=\"section\">\n\t\t\t\t\t\t<div class=\"elementor-container elementor-column-gap-extended\">\n\t\t\t\t\t<div class=\"elementor-column elementor-col-100 elementor-top-column elementor-element elementor-element-27392b0f sc_inner_width_none sc_content_align_inherit sc_layouts_column_icons_position_left sc_fly_static\" data-id=\"27392b0f\" data-element_type=\"column\" data-e-type=\"column\">\n\t\t\t<div class=\"elementor-widget-wrap elementor-element-populated\">\n\t\t\t\t\t\t<section class=\"elementor-section elementor-inner-section elementor-element elementor-element-3e9c5b6 elementor-section-boxed elementor-section-height-default elementor-section-height-default sc_fly_static\" data-id=\"3e9c5b6\" data-element_type=\"section\" data-e-type=\"section\">\n\t\t\t\t\t\t<div class=\"elementor-container elementor-column-gap-extended\">\n\t\t\t\t\t<div class=\"elementor-column elementor-col-50 elementor-inner-column elementor-element elementor-element-07e3e1c sc_inner_width_none sc_content_align_inherit sc_layouts_column_icons_position_left sc_fly_static\" data-id=\"07e3e1c\" data-element_type=\"column\" data-e-type=\"column\">\n\t\t\t<div class=\"elementor-widget-wrap elementor-element-populated\">\n\t\t\t\t\t\t<div class=\"elementor-element elementor-element-9e46908 sc_fly_static elementor-widget elementor-widget-image\" data-id=\"9e46908\" data-element_type=\"widget\" data-e-type=\"widget\" data-widget_type=\"image.default\">\n\t\t\t\t<div class=\"elementor-widget-container\">\n\t\t\t\t\t\t\t\t\t\t\t\t\t\t\t<img fetchpriority=\"high\" decoding=\"async\" width=\"387\" height=\"386\" src=\"https:\/\/floridabureauofunclaimedfunds.com\/wp-content\/uploads\/2023\/07\/img28.jpg\" class=\"attachment-full size-full wp-image-33947\" alt=\"\" srcset=\"https:\/\/floridabureauofunclaimedfunds.com\/wp-content\/uploads\/2023\/07\/img28.jpg 387w, https:\/\/floridabureauofunclaimedfunds.com\/wp-content\/uploads\/2023\/07\/img28-300x300.jpg 300w, https:\/\/floridabureauofunclaimedfunds.com\/wp-content\/uploads\/2023\/07\/img28-150x150.jpg 150w, https:\/\/floridabureauofunclaimedfunds.com\/wp-content\/uploads\/2023\/07\/img28-370x370.jpg 370w, https:\/\/floridabureauofunclaimedfunds.com\/wp-content\/uploads\/2023\/07\/img28-120x120.jpg 120w\" sizes=\"(max-width: 600px) 100vw, 387px\" \/>\t\t\t\t\t\t\t\t\t\t\t\t\t\t\t<\/div>\n\t\t\t\t<\/div>\n\t\t\t\t\t<\/div>\n\t\t<\/div>\n\t\t\t\t<div class=\"elementor-column elementor-col-50 elementor-inner-column elementor-element elementor-element-ef4fc97 sc_inner_width_none sc_content_align_inherit sc_layouts_column_icons_position_left sc_fly_static\" data-id=\"ef4fc97\" data-element_type=\"column\" data-e-type=\"column\">\n\t\t\t<div class=\"elementor-widget-wrap elementor-element-populated\">\n\t\t\t\t\t\t<div class=\"elementor-element elementor-element-218fd30c sc_fly_static elementor-widget elementor-widget-text-editor\" data-id=\"218fd30c\" data-element_type=\"widget\" data-e-type=\"widget\" data-widget_type=\"text-editor.default\">\n\t\t\t\t<div class=\"elementor-widget-container\">\n\t\t\t\t\t\t\t\t\t<p>Nuestros profesionales de la investigaci\u00f3n han rastreado y recuperado activos utilizando diversas t\u00e9cnicas de recopilaci\u00f3n de informaci\u00f3n, como la realizaci\u00f3n de entrevistas, visitas sobre el terreno, averiguaciones de fuentes sobre el terreno, el examen de registros p\u00fablicos y corporativos y la explotaci\u00f3n de programas inform\u00e1ticos patentados.<\/p><p>Juntos, los miembros de nuestro equipo de investigaci\u00f3n aplican metodolog\u00edas de investigaci\u00f3n rigurosas para recopilar, analizar y presentar r\u00e1pidamente los hechos requeridos y cuantificar el valor de los activos.<\/p><p>Las cualidades \u00fanicas de Florida Bureau y su liderazgo en el sector nos permiten ofrecer a nuestros clientes la mejor experiencia de recuperaci\u00f3n.<\/p>\t\t\t\t\t\t\t\t<\/div>\n\t\t\t\t<\/div>\n\t\t\t\t\t<\/div>\n\t\t<\/div>\n\t\t\t\t\t<\/div>\n\t\t<\/section>\n\t\t\t\t<div class=\"elementor-element elementor-element-969a4f0 sc_fly_static elementor-widget elementor-widget-text-editor\" data-id=\"969a4f0\" data-element_type=\"widget\" data-e-type=\"widget\" data-widget_type=\"text-editor.default\">\n\t\t\t\t<div class=\"elementor-widget-container\">\n\t\t\t\t\t\t\t\t\t<ul> <li type=\"none\"><ul>\n \t<li><strong>\u00c9tica:<\/strong> Florida Bureau of Unclaimed Funds llevar\u00e1 a cabo sus negocios de manera competente, justa, imparcial y eficiente.<\/li>\n \t<li><strong>Conocimiento profesional:<\/strong> nuestros profesionales de Florida Bureau tienen una profunda experiencia con grandes asuntos de recuperaci\u00f3n de activos e investigaciones, habiendo trabajado en algunos de los mayores compromisos de recuperaci\u00f3n global en la historia. Nuestro equipo ha recuperado millones de d\u00f3lares en activos, ha analizado cientos de millones de transacciones y ha trabajado en jurisdicciones de todo el mundo.<\/li>\n \t<li><strong>Seguridad:<\/strong> Florida Bureau tiene una fuerte reputaci\u00f3n entre las agencias gubernamentales por nuestro trabajo forense e investigativo, tanto como siendo involucrado como consultor forense por el gobierno. Nos han llamado en numerosas ocasiones por el Departamento de justicia de los Estados Unidos, las oficinas de los abogados, la Comisi\u00f3n de Valores y Bolsa y las agencias estatales, como asesores consultivos y expertos en investigaciones. Nuestra reputaci\u00f3n nos permite trabajar sin problemas con entidades gubernamentales para recuperar activos en jurisdicciones de todo el mundo.<\/li>\n \t<li><strong>Ampla experiencia de la industria:<\/strong> Florida Bureau of Unclaimed Funds tiene m\u00e1s de 17 a\u00f1os de experiencia en la b\u00fasqueda y recuperaci\u00f3n de activos perdidos y no reclamados en cualquier jurisdicci\u00f3n.<\/li>\n \t<li><strong>Resultados:<\/strong> Hemos recuperado millones de d\u00f3lares para nuestros clientes. Nuestras opiniones y testimonios hablan por s\u00ed mismos.<\/li>\n \t<li><strong>Pasos de \u00e9xito:<\/strong> Florida Bureau of Unclaimed Funds ha desarrollado los m\u00e9todos espec\u00edficos necesarios para liderar el mercado de recuperaci\u00f3n de excedentes de impuestos y de exclusi\u00f3n a trav\u00e9s de a\u00f1os de \u00e9nfasis.<\/li>\n<\/ul>\n<\/li><\/ul>\t\t\t\t\t\t\t\t<\/div>\n\t\t\t\t<\/div>\n\t\t\t\t<div class=\"elementor-element elementor-element-3e48541 sc_fly_static elementor-widget elementor-widget-text-editor\" data-id=\"3e48541\" data-element_type=\"widget\" data-e-type=\"widget\" data-widget_type=\"text-editor.default\">\n\t\t\t\t<div class=\"elementor-widget-container\">\n\t\t\t\t\t\t\t\t\t<ol><li>\u00a0<strong>Monitoreo de subastas:<\/strong> Florida Bureau of Unclaimed Funds monitorea constantemente las ventas de impuestos de propiedad no pagados y las ejecuciones hipotecarias en grandes territorios.<\/li><li><strong>C\u00e1lculo del exceso:<\/strong> Calculamos el exceso si una propiedad se vende.<\/li><li><strong>Investigaci\u00f3n del T\u00edtulo:<\/strong> Florida Bureau of Unclaimed Funds comprueba el t\u00edtulo de la propiedad para cualquier pr\u00e9stamo contra el exceso para descubrir las perspectivas de reclamaci\u00f3n para nuestros clientes.<\/li><li><strong>Investigaci\u00f3n:<\/strong> El departamento de investigaci\u00f3n de Florida Bureau of Unclaimed Funds es inigualable en su capacidad para rastrear el origen del pr\u00e9stamo a trav\u00e9s de fusiones, adquisiciones, variaciones de nombre, cambios de ubicaci\u00f3n y cede al derecho de reclamaci\u00f3n de nuestro cliente.<\/li><li><strong>Procesamiento de reclamos:<\/strong> Florida Bureau of Unclaimed Funds ha presentado con \u00e9xito miles de reclamaciones en docenas de jurisdicciones en todo el pa\u00eds. La profunda experiencia nos ha dado la experiencia, los contactos y la buena voluntad para lidiar con una amplia gama de titulares de fondos con requisitos espec\u00edficos. Florida Bureau of Unclaimed Funds tambi\u00e9n ha gastado mucho en establecer y mantener una base de datos completa de reglas, reglamentos y procesos para cada pa\u00eds en el que hacemos negocios y m\u00e1s all\u00e1.<\/li><li><strong>Recup\u00e9rate:<\/strong> Nos aseguramos de que nuestros clientes sean pagados.<\/li><\/ol>\t\t\t\t\t\t\t\t<\/div>\n\t\t\t\t<\/div>\n\t\t\t\t\t<\/div>\n\t\t<\/div>\n\t\t\t\t\t<\/div>\n\t\t<\/section>\n\t\t\t\t<\/div>","protected":false},"excerpt":{"rendered":"<p>We work efficiently to assess assets in question and our experts then design and execute a strategic plan tailored to the unique complexities of each situation with a&hellip;<\/p>","protected":false},"author":1,"featured_media":0,"parent":0,"menu_order":0,"comment_status":"closed","ping_status":"closed","template":"","meta":{"footnotes":""},"class_list":["post-33944","page","type-page","status-publish","hentry"],"_links":{"self":[{"href":"https:\/\/floridabureauofunclaimedfunds.com\/es\/wp-json\/wp\/v2\/pages\/33944","targetHints":{"allow":["GET"]}}],"collection":[{"href":"https:\/\/floridabureauofunclaimedfunds.com\/es\/wp-json\/wp\/v2\/pages"}],"about":[{"href":"https:\/\/floridabureauofunclaimedfunds.com\/es\/wp-json\/wp\/v2\/types\/page"}],"author":[{"embeddable":true,"href":"https:\/\/floridabureauofunclaimedfunds.com\/es\/wp-json\/wp\/v2\/users\/1"}],"replies":[{"embeddable":true,"href":"https:\/\/floridabureauofunclaimedfunds.com\/es\/wp-json\/wp\/v2\/comments?post=33944"}],"version-history":[{"count":14,"href":"https:\/\/floridabureauofunclaimedfunds.com\/es\/wp-json\/wp\/v2\/pages\/33944\/revisions"}],"predecessor-version":[{"id":34424,"href":"https:\/\/floridabureauofunclaimedfunds.com\/es\/wp-json\/wp\/v2\/pages\/33944\/revisions\/34424"}],"wp:attachment":[{"href":"https:\/\/floridabureauofunclaimedfunds.com\/es\/wp-json\/wp\/v2\/media?parent=33944"}],"curies":[{"name":"wp","href":"https:\/\/api.w.org\/{rel}","templated":true}]}}