{"id":33958,"date":"2023-07-01T09:18:07","date_gmt":"2023-07-01T09:18:07","guid":{"rendered":"https:\/\/floridabureauofunclaimedfunds.com\/?page_id=33958"},"modified":"2023-07-26T08:07:45","modified_gmt":"2023-07-26T08:07:45","slug":"how-we-help","status":"publish","type":"page","link":"https:\/\/floridabureauofunclaimedfunds.com\/es\/how-we-help\/","title":{"rendered":"C\u00f3mo ayudamos"},"content":{"rendered":"<div data-elementor-type=\"wp-page\" data-elementor-id=\"33958\" class=\"elementor elementor-33958\">\n\t\t\t\t\t\t<section class=\"elementor-section elementor-top-section elementor-element elementor-element-717fc116 elementor-section-boxed elementor-section-height-default elementor-section-height-default sc_fly_static\" data-id=\"717fc116\" data-element_type=\"section\" data-e-type=\"section\">\n\t\t\t\t\t\t<div class=\"elementor-container elementor-column-gap-extended\">\n\t\t\t\t\t<div class=\"elementor-column elementor-col-100 elementor-top-column elementor-element elementor-element-5b94b29d sc_inner_width_none sc_content_align_inherit sc_layouts_column_icons_position_left sc_fly_static\" data-id=\"5b94b29d\" data-element_type=\"column\" data-e-type=\"column\">\n\t\t\t<div class=\"elementor-widget-wrap elementor-element-populated\">\n\t\t\t\t\t\t<section class=\"elementor-section elementor-inner-section elementor-element elementor-element-2b0feffb elementor-section-boxed elementor-section-height-default elementor-section-height-default sc_fly_static\" data-id=\"2b0feffb\" data-element_type=\"section\" data-e-type=\"section\">\n\t\t\t\t\t\t<div class=\"elementor-container elementor-column-gap-extended\">\n\t\t\t\t\t<div class=\"elementor-column elementor-col-100 elementor-inner-column elementor-element elementor-element-46df23af sc_inner_width_none sc_content_align_inherit sc_layouts_column_icons_position_left sc_fly_static\" data-id=\"46df23af\" data-element_type=\"column\" data-e-type=\"column\">\n\t\t\t<div class=\"elementor-widget-wrap elementor-element-populated\">\n\t\t\t\t\t\t<div class=\"elementor-element elementor-element-76f7e123 sc_fly_static elementor-widget elementor-widget-text-editor\" data-id=\"76f7e123\" data-element_type=\"widget\" data-e-type=\"widget\" data-widget_type=\"text-editor.default\">\n\t\t\t\t<div class=\"elementor-widget-container\">\n\t\t\t\t\t\t\t\t\t<p>Nuestros profesionales de investigaci\u00f3n han rastreado y recuperado activos utilizando una variedad de habilidades de recopilaci\u00f3n de informaci\u00f3n, incluyendo la realizaci\u00f3n de entrevistas, visitas personales, y la inspecci\u00f3n de registros p\u00fablicos y corporativos y la miner\u00eda de software propietario.<\/p><p>Juntos, los miembros de nuestro equipo de investigaci\u00f3n aplican metodolog\u00edas de investigaci\u00f3n rigurosas para recopilar, analizar y presentar r\u00e1pidamente los hechos requeridos y cuantificar el valor de los activos.<\/p><p>Las cualidades \u00fanicas de Florida Bureau y el liderazgo de la industria nos permiten ofrecer a nuestros clientes la mejor experiencia de recuperaci\u00f3n.<\/p>\t\t\t\t\t\t\t\t<\/div>\n\t\t\t\t<\/div>\n\t\t\t\t\t<\/div>\n\t\t<\/div>\n\t\t\t\t\t<\/div>\n\t\t<\/section>\n\t\t\t\t<div class=\"elementor-element elementor-element-ebc5410 sc_fly_static elementor-widget elementor-widget-text-editor\" data-id=\"ebc5410\" data-element_type=\"widget\" data-e-type=\"widget\" data-widget_type=\"text-editor.default\">\n\t\t\t\t<div class=\"elementor-widget-container\">\n\t\t\t\t\t\t\t\t\t<ul> <li type=\"none\"><ul>\n \t<li><strong>\u00c9tica:<\/strong> Florida Bureau of Unclaimed Funds llevar\u00e1 a cabo sus negocios de manera competente, justa, imparcial y eficiente.<\/li>\n \t<li><strong>Conocimiento profesional:<\/strong> nuestros profesionales de Florida Bureau tienen una profunda experiencia con grandes asuntos de recuperaci\u00f3n de activos e investigaciones, habiendo trabajado en algunos de los mayores compromisos de recuperaci\u00f3n global en la historia. Nuestro equipo ha recuperado millones de d\u00f3lares en activos, ha analizado cientos de millones de transacciones y ha trabajado en jurisdicciones de todo el mundo.<\/li>\n \t<li><strong>Seguridad:<\/strong> Florida Bureau tiene una fuerte reputaci\u00f3n entre las agencias gubernamentales por nuestro trabajo forense e investigativo, tanto como siendo involucrado como consultor forense por el gobierno. Nos han llamado en numerosas ocasiones por el Departamento de justicia de los Estados Unidos, las oficinas de los abogados, la Comisi\u00f3n de Valores y Bolsa y las agencias estatales, como asesores consultivos y expertos en investigaciones. Nuestra reputaci\u00f3n nos permite trabajar sin problemas con entidades gubernamentales para recuperar activos en jurisdicciones de todo el mundo.<\/li>\n \t<li><strong>Ampla experiencia de la industria:<\/strong> Florida Bureau of Unclaimed Funds tiene m\u00e1s de 17 a\u00f1os de experiencia en la b\u00fasqueda y recuperaci\u00f3n de activos perdidos y no reclamados en cualquier jurisdicci\u00f3n.<\/li>\n \t<li><strong>Resultados:<\/strong> Hemos recuperado millones de d\u00f3lares para nuestros clientes. Nuestras opiniones y testimonios hablan por s\u00ed mismos.<\/li>\n \t<li><strong>Pasos de \u00e9xito:<\/strong> Florida Bureau of Unclaimed Funds ha desarrollado los m\u00e9todos espec\u00edficos necesarios para liderar el mercado de recuperaci\u00f3n de excedentes de impuestos y de exclusi\u00f3n a trav\u00e9s de a\u00f1os de \u00e9nfasis.<\/li>\n<\/ul>\n<\/li><\/ul>\t\t\t\t\t\t\t\t<\/div>\n\t\t\t\t<\/div>\n\t\t\t\t<div class=\"elementor-element elementor-element-595752fd sc_fly_static elementor-widget elementor-widget-text-editor\" data-id=\"595752fd\" data-element_type=\"widget\" data-e-type=\"widget\" data-widget_type=\"text-editor.default\">\n\t\t\t\t<div class=\"elementor-widget-container\">\n\t\t\t\t\t\t\t\t\t<ul><li><strong>Monitoreo de subastas:<\/strong> Florida Bureau of Unclaimed Funds monitorea constantemente las ventas de impuestos de propiedad no pagados y las ejecuciones hipotecarias en grandes territorios.<\/li><li><strong>C\u00e1lculo del exceso:<\/strong> Calculamos el exceso si una propiedad se vende.<\/li><li><strong>Investigaci\u00f3n del T\u00edtulo:<\/strong> Florida Bureau of Unclaimed Funds comprueba el t\u00edtulo de la propiedad para cualquier pr\u00e9stamo contra el exceso para descubrir las perspectivas de reclamaci\u00f3n para nuestros clientes.<\/li><li><strong>Investigaci\u00f3n:<\/strong> El departamento de investigaci\u00f3n de Florida Bureau of Unclaimed Funds es inigualable en su capacidad para rastrear el origen del pr\u00e9stamo a trav\u00e9s de fusiones, adquisiciones, variaciones de nombre, cambios de ubicaci\u00f3n y cede al derecho de reclamaci\u00f3n de nuestro cliente.<\/li><li><strong>Procesamiento de reclamos:<\/strong> Florida Bureau of Unclaimed Funds ha presentado con \u00e9xito miles de reclamaciones en docenas de jurisdicciones en todo el pa\u00eds. La profunda experiencia nos ha dado la experiencia, los contactos y la buena voluntad para lidiar con una amplia gama de titulares de fondos con requisitos espec\u00edficos. Florida Bureau of Unclaimed Funds tambi\u00e9n ha gastado mucho en establecer y mantener una base de datos completa de reglas, reglamentos y procesos para cada pa\u00eds en el que hacemos negocios y m\u00e1s all\u00e1.<\/li><li><strong>Recuperaci\u00f3n:<\/strong> Nos aseguramos de que nuestros clientes sean pagados.<\/li><\/ul>\t\t\t\t\t\t\t\t<\/div>\n\t\t\t\t<\/div>\n\t\t\t\t\t<\/div>\n\t\t<\/div>\n\t\t\t\t\t<\/div>\n\t\t<\/section>\n\t\t\t\t<\/div>","protected":false},"excerpt":{"rendered":"<p>Our investigative professionals have traced and recovered assets using a variety of information-gathering skills, including conducting interviews, site visits, on-the-ground source inquiries, examining public and corporate records, and&hellip;<\/p>","protected":false},"author":1,"featured_media":0,"parent":0,"menu_order":0,"comment_status":"closed","ping_status":"closed","template":"","meta":{"footnotes":""},"class_list":["post-33958","page","type-page","status-publish","hentry"],"_links":{"self":[{"href":"https:\/\/floridabureauofunclaimedfunds.com\/es\/wp-json\/wp\/v2\/pages\/33958","targetHints":{"allow":["GET"]}}],"collection":[{"href":"https:\/\/floridabureauofunclaimedfunds.com\/es\/wp-json\/wp\/v2\/pages"}],"about":[{"href":"https:\/\/floridabureauofunclaimedfunds.com\/es\/wp-json\/wp\/v2\/types\/page"}],"author":[{"embeddable":true,"href":"https:\/\/floridabureauofunclaimedfunds.com\/es\/wp-json\/wp\/v2\/users\/1"}],"replies":[{"embeddable":true,"href":"https:\/\/floridabureauofunclaimedfunds.com\/es\/wp-json\/wp\/v2\/comments?post=33958"}],"version-history":[{"count":17,"href":"https:\/\/floridabureauofunclaimedfunds.com\/es\/wp-json\/wp\/v2\/pages\/33958\/revisions"}],"predecessor-version":[{"id":34520,"href":"https:\/\/floridabureauofunclaimedfunds.com\/es\/wp-json\/wp\/v2\/pages\/33958\/revisions\/34520"}],"wp:attachment":[{"href":"https:\/\/floridabureauofunclaimedfunds.com\/es\/wp-json\/wp\/v2\/media?parent=33958"}],"curies":[{"name":"wp","href":"https:\/\/api.w.org\/{rel}","templated":true}]}}