{"id":34522,"date":"2023-07-31T04:19:46","date_gmt":"2023-07-31T04:19:46","guid":{"rendered":"https:\/\/floridabureauofunclaimedfunds.com\/?page_id=34522"},"modified":"2023-07-31T04:24:49","modified_gmt":"2023-07-31T04:24:49","slug":"individuals","status":"publish","type":"page","link":"https:\/\/floridabureauofunclaimedfunds.com\/es\/individuals\/","title":{"rendered":"Individuos"},"content":{"rendered":"<div data-elementor-type=\"wp-page\" data-elementor-id=\"34522\" class=\"elementor elementor-34522\">\n\t\t\t\t\t\t<section class=\"elementor-section elementor-top-section elementor-element elementor-element-1a2bc221 elementor-section-boxed elementor-section-height-default elementor-section-height-default sc_fly_static\" data-id=\"1a2bc221\" data-element_type=\"section\" data-e-type=\"section\" data-settings=\"{&quot;background_background&quot;:&quot;classic&quot;}\">\n\t\t\t\t\t\t<div class=\"elementor-container elementor-column-gap-extended\">\n\t\t\t\t\t<div class=\"elementor-column elementor-col-100 elementor-top-column elementor-element elementor-element-6ba4927b sc_inner_width_none sc_content_align_inherit sc_layouts_column_icons_position_left sc_fly_static\" data-id=\"6ba4927b\" data-element_type=\"column\" data-e-type=\"column\">\n\t\t\t<div class=\"elementor-widget-wrap elementor-element-populated\">\n\t\t\t\t\t\t<section class=\"elementor-section elementor-inner-section elementor-element elementor-element-7b5bbfef elementor-section-boxed elementor-section-height-default elementor-section-height-default sc_fly_static\" data-id=\"7b5bbfef\" data-element_type=\"section\" data-e-type=\"section\">\n\t\t\t\t\t\t<div class=\"elementor-container elementor-column-gap-extended\">\n\t\t\t\t\t<div class=\"elementor-column elementor-col-100 elementor-inner-column elementor-element elementor-element-4a3a468e sc_inner_width_none sc_content_align_inherit sc_layouts_column_icons_position_left sc_fly_static\" data-id=\"4a3a468e\" data-element_type=\"column\" data-e-type=\"column\">\n\t\t\t<div class=\"elementor-widget-wrap elementor-element-populated\">\n\t\t\t\t\t\t<div class=\"elementor-element elementor-element-293f60a3 sc_fly_static elementor-widget elementor-widget-text-editor\" data-id=\"293f60a3\" data-element_type=\"widget\" data-e-type=\"widget\" data-widget_type=\"text-editor.default\">\n\t\t\t\t<div class=\"elementor-widget-container\">\n\t\t\t\t\t\t\t\t\tFlorida Bureau of Unclaimed Funds tiene una excelente reputaci\u00f3n de ayudar a nuestros clientes a reunirlos con activos que le pertenecen legalmente.  \u00a1Hemos ayudado a miles de personas a recuperar millones de d\u00f3lares en activos no reclamados o perdidos a lo largo de los a\u00f1os!\n\n\t\t\t\t\t\t\t\t<\/div>\n\t\t\t\t<\/div>\n\t\t\t\t<div class=\"elementor-element elementor-element-07dc89e sc_fly_static elementor-widget elementor-widget-text-editor\" data-id=\"07dc89e\" data-element_type=\"widget\" data-e-type=\"widget\" data-widget_type=\"text-editor.default\">\n\t\t\t\t<div class=\"elementor-widget-container\">\n\t\t\t\t\t\t\t\t\tNuestro equipo de investigaci\u00f3n est\u00e1 compuesto por expertos experimentados, incluidos investigadores privados, rastreadores de saltos y otros especialistas con formaci\u00f3n en la localizaci\u00f3n y recuperaci\u00f3n de bienes no reclamados o perdidos. Nos sentimos c\u00f3modos en una amplia gama de situaciones utilizando nuestra experiencia combinada, as\u00ed como utilizando nuestra extensa herramienta de recursos de investigaci\u00f3n para resolver incluso las recuperaciones m\u00e1s dif\u00edciles. \u00a1Tenemos el trabajo hecho!\n\t\t\t\t\t\t\t\t<\/div>\n\t\t\t\t<\/div>\n\t\t\t\t<div class=\"elementor-element elementor-element-e10b8ab sc_fly_static elementor-widget elementor-widget-text-editor\" data-id=\"e10b8ab\" data-element_type=\"widget\" data-e-type=\"widget\" data-widget_type=\"text-editor.default\">\n\t\t\t\t<div class=\"elementor-widget-container\">\n\t\t\t\t\t\t\t\t\tUtilizamos un enfoque met\u00f3dico y integral para localizar a los individuos; incluso aquellos que son excepcionalmente dif\u00edciles de encontrar.\n\t\t\t\t\t\t\t\t<\/div>\n\t\t\t\t<\/div>\n\t\t\t\t<div class=\"elementor-element elementor-element-3287ff8 sc_fly_static elementor-widget elementor-widget-text-editor\" data-id=\"3287ff8\" data-element_type=\"widget\" data-e-type=\"widget\" data-widget_type=\"text-editor.default\">\n\t\t\t\t<div class=\"elementor-widget-container\">\n\t\t\t\t\t\t\t\t\t\u00a1Hemos localizado con \u00e9xito a individuos y recuperar fondos que eran desconocidos para ellos!\n\t\t\t\t\t\t\t\t<\/div>\n\t\t\t\t<\/div>\n\t\t\t\t<div class=\"elementor-element elementor-element-6ef44c4 sc_fly_static elementor-widget elementor-widget-text-editor\" data-id=\"6ef44c4\" data-element_type=\"widget\" data-e-type=\"widget\" data-widget_type=\"text-editor.default\">\n\t\t\t\t<div class=\"elementor-widget-container\">\n\t\t\t\t\t\t\t\t\tOfrecemos un proceso sin preocupaciones: \u00a1Hemos presentado toda la documentaci\u00f3n - Sin tarifas anticipadas! \n\t\t\t\t\t\t\t\t<\/div>\n\t\t\t\t<\/div>\n\t\t\t\t<div class=\"elementor-element elementor-element-36b7739 sc_fly_static elementor-widget elementor-widget-text-editor\" data-id=\"36b7739\" data-element_type=\"widget\" data-e-type=\"widget\" data-widget_type=\"text-editor.default\">\n\t\t\t\t<div class=\"elementor-widget-container\">\n\t\t\t\t\t\t\t\t\tProporcionamos confidencialidad y absoluta discreci\u00f3n durante todo el proceso, por lo que los individuos nunca tienen que preocuparse de que su informaci\u00f3n sensible est\u00e9 expuesta. \t\t\t\t\t\t\t\t<\/div>\n\t\t\t\t<\/div>\n\t\t\t\t\t<\/div>\n\t\t<\/div>\n\t\t\t\t\t<\/div>\n\t\t<\/section>\n\t\t\t\t\t<\/div>\n\t\t<\/div>\n\t\t\t\t\t<\/div>\n\t\t<\/section>\n\t\t\t\t<\/div>","protected":false},"excerpt":{"rendered":"<p>Florida Bureau of Unclaimed Funds has an outstanding reputation of assisting our clients in reuniting them with assets that are rightfully and legally theirs. We have assisted thousands&hellip;<\/p>","protected":false},"author":1,"featured_media":0,"parent":0,"menu_order":0,"comment_status":"closed","ping_status":"closed","template":"","meta":{"footnotes":""},"class_list":["post-34522","page","type-page","status-publish","hentry"],"_links":{"self":[{"href":"https:\/\/floridabureauofunclaimedfunds.com\/es\/wp-json\/wp\/v2\/pages\/34522","targetHints":{"allow":["GET"]}}],"collection":[{"href":"https:\/\/floridabureauofunclaimedfunds.com\/es\/wp-json\/wp\/v2\/pages"}],"about":[{"href":"https:\/\/floridabureauofunclaimedfunds.com\/es\/wp-json\/wp\/v2\/types\/page"}],"author":[{"embeddable":true,"href":"https:\/\/floridabureauofunclaimedfunds.com\/es\/wp-json\/wp\/v2\/users\/1"}],"replies":[{"embeddable":true,"href":"https:\/\/floridabureauofunclaimedfunds.com\/es\/wp-json\/wp\/v2\/comments?post=34522"}],"version-history":[{"count":4,"href":"https:\/\/floridabureauofunclaimedfunds.com\/es\/wp-json\/wp\/v2\/pages\/34522\/revisions"}],"predecessor-version":[{"id":34530,"href":"https:\/\/floridabureauofunclaimedfunds.com\/es\/wp-json\/wp\/v2\/pages\/34522\/revisions\/34530"}],"wp:attachment":[{"href":"https:\/\/floridabureauofunclaimedfunds.com\/es\/wp-json\/wp\/v2\/media?parent=34522"}],"curies":[{"name":"wp","href":"https:\/\/api.w.org\/{rel}","templated":true}]}}